{"id":26735,"date":"2018-06-08T16:49:25","date_gmt":"2018-06-08T14:49:25","guid":{"rendered":"https:\/\/www.thierry-gmbh.de\/en\/substrates\/aluminium\/"},"modified":"2022-08-29T17:59:25","modified_gmt":"2022-08-29T15:59:25","slug":"aluminium","status":"publish","type":"page","link":"https:\/\/thierry-gmbh.de\/en\/substrates\/aluminium\/","title":{"rendered":"Aluminium"},"content":{"rendered":"<div class=\"wpb-content-wrapper\"><p>[vc_row row_type=&#8221;row&#8221; use_row_as_full_screen_section=&#8221;no&#8221; type=&#8221;grid&#8221; angled_section=&#8221;no&#8221; text_align=&#8221;left&#8221; background_image_as_pattern=&#8221;without_pattern&#8221; padding_top=&#8221;0&#8243; padding_bottom=&#8221;50&#8243; css_animation=&#8221;&#8221;][vc_column width=&#8221;1\/4&#8243;][vc_separator type=&#8221;transparent&#8221; up=&#8221;20&#8243; down=&#8221;20&#8243;][vc_column_text]<b><span style=\"color: #e30513;\">Your sales contact:\u00a0<\/span><br \/>\n<\/b><\/p>\n<p>Anja Dridi<br \/>\nTel.: +49 (0) 711 839974-18<br \/>\n<a href=\"mailto:anja.dridi@thierry-gmbh.de\">anja.dridi@thierry-gmbh.de<\/a>[\/vc_column_text][vc_separator type=&#8221;transparent&#8221; up=&#8221;20&#8243; down=&#8221;20&#8243;][vc_column_text]<span style=\"color: #e30513;\"><b>Your technical contact:<\/b><\/span><br \/>\nPatrick Thierry<br \/>\nTel.: +49 (0) 711 839974-20<a href=\"mailto:patrick.thierry@thierry-gmbh.de\"><br \/>\npatrick.thierry@thierry-gmbh.de<\/a>[\/vc_column_text][\/vc_column][vc_column width=&#8221;1\/3&#8243;][vc_separator type=&#8221;transparent&#8221; up=&#8221;15&#8243; down=&#8221;15&#8243;][vc_row_inner row_type=&#8221;row&#8221; type=&#8221;full_width&#8221; text_align=&#8221;left&#8221; css_animation=&#8221;&#8221;][vc_column_inner width=&#8221;1\/3&#8243; css=&#8221;.vc_custom_1513107606917{padding-bottom: 20px !important;}&#8221;][vc_single_image image=&#8221;23921&#8243; img_size=&#8221;full&#8221; onclick=&#8221;link_image&#8221; qode_css_animation=&#8221;&#8221;][\/vc_column_inner][vc_column_inner width=&#8221;2\/3&#8243;][vc_column_text]<span style=\"color: #e30513;\"><strong>FE-916<br \/>\n<\/strong><\/span><\/p>\n<p>Coated on both sides:<\/p>\n<p>Anthrazit\/Midgrey[\/vc_column_text][\/vc_column_inner][\/vc_row_inner][vc_empty_space][vc_row_inner row_type=&#8221;row&#8221; type=&#8221;full_width&#8221; text_align=&#8221;left&#8221; css_animation=&#8221;&#8221;][vc_column_inner width=&#8221;1\/3&#8243; css=&#8221;.vc_custom_1513107606917{padding-bottom: 20px !important;}&#8221;][vc_single_image image=&#8221;23921&#8243; img_size=&#8221;full&#8221; onclick=&#8221;link_image&#8221; qode_css_animation=&#8221;&#8221;][\/vc_column_inner][vc_column_inner width=&#8221;2\/3&#8243;][vc_column_text]<span style=\"color: #e30513;\"><strong>FE-917<\/strong><\/span><\/p>\n<p>Coated on both sides:<\/p>\n<p>Alpinwhite\/Titangrey[\/vc_column_text][\/vc_column_inner][\/vc_row_inner][vc_empty_space][vc_empty_space][vc_empty_space][\/vc_column][vc_column width=&#8221;1\/3&#8243;][vc_separator type=&#8221;transparent&#8221; up=&#8221;20&#8243; down=&#8221;20&#8243;][vc_column_text]We offer professional and millimeter accurate aluminium panels according to your individual dimensions.<\/p>\n<p>&nbsp;<\/p>\n<p>The adapted aluminum panels are provided with a protective foil.<\/p>\n<p>&nbsp;<\/p>\n<p>Max. Size: 120 x 90 cm; thickness: 1 mm<\/p>\n<p>&nbsp;<\/p>\n<p>Other services:<\/p>\n<ul>\n<li>holes<\/li>\n<li>rounded corners<\/li>\n<\/ul>\n<p>[\/vc_column_text][\/vc_column][\/vc_row][vc_row row_type=&#8221;row&#8221; use_row_as_full_screen_section=&#8221;no&#8221; type=&#8221;full_width&#8221; angled_section=&#8221;no&#8221; text_align=&#8221;left&#8221; background_image_as_pattern=&#8221;without_pattern&#8221; css_animation=&#8221;&#8221;][vc_column offset=&#8221;vc_hidden-xs&#8221;][vc_separator type=&#8221;transparent&#8221; up=&#8221;50&#8243;][\/vc_column][\/vc_row][vc_row row_type=&#8221;row&#8221; use_row_as_full_screen_section=&#8221;no&#8221; type=&#8221;full_width&#8221; angled_section=&#8221;no&#8221; text_align=&#8221;left&#8221; background_image_as_pattern=&#8221;without_pattern&#8221; css_animation=&#8221;&#8221;][vc_column offset=&#8221;vc_hidden-xs&#8221;][vc_separator type=&#8221;normal&#8221; color=&#8221;#e0e0e0&#8243; thickness=&#8221;1&#8243;][\/vc_column][\/vc_row][vc_row row_type=&#8221;row&#8221; use_row_as_full_screen_section=&#8221;no&#8221; type=&#8221;grid&#8221; angled_section=&#8221;no&#8221; text_align=&#8221;left&#8221; background_image_as_pattern=&#8221;without_pattern&#8221; padding_top=&#8221;50&#8243; padding_bottom=&#8221;50&#8243; css_animation=&#8221;&#8221;][vc_column offset=&#8221;vc_hidden-xs&#8221;][vc_row_inner row_type=&#8221;row&#8221; type=&#8221;full_width&#8221; text_align=&#8221;left&#8221; css_animation=&#8221;&#8221;][vc_column_inner width=&#8221;1\/3&#8243;]<div class='q_icon_with_title tiny normal_icon'><div class=\"icon_holder q_icon_animation\" style=\" transition-delay: 150ms; -webkit-transition-delay: 150ms; -moz-transition-delay: 150ms; -o-transition-delay: 150ms;\"><span data-icon-type=\"normal\"   style=\"font-size: 20px;\" class=\"qode_iwt_icon_holder q_font_awsome_icon fa-lg \"><i class=\"qode_icon_font_awesome fa fa-stop qode_iwt_icon_element\" style=\"color: #e30513;\" ><\/i><\/span><\/div><div class=\"icon_text_holder\" style=\"padding-left:45px;\"><div class=\"icon_text_inner\" style=\"\"><h5 class=\"icon_title\" style=\"\">Unser Online-Shop<\/h5><p style=''>Ihr Sofort-Zugriff auf unser gesamtes Produktspektrum, von Urmustern \u00fcber Corporate Color Cards bis hin zu unseren Pr\u00fcfmitteln.<\/p><a itemprop='url' class='icon_with_title_link' href='https:\/\/store.thierry-corp.com\/store\/' target='_blank' style=''>Anmelden.<\/a><\/div><\/div><\/div>[\/vc_column_inner][vc_column_inner width=&#8221;1\/3&#8243;]<div class='q_icon_with_title tiny normal_icon'><div class=\"icon_holder q_icon_animation\" style=\" transition-delay: 150ms; -webkit-transition-delay: 150ms; -moz-transition-delay: 150ms; -o-transition-delay: 150ms;\"><span data-icon-type=\"normal\"   style=\"font-size: 20px;\" class=\"qode_iwt_icon_holder q_font_awsome_icon fa-lg \"><i class=\"qode_icon_font_awesome fa fa-stop qode_iwt_icon_element\" style=\"color: #203a8f;\" ><\/i><\/span><\/div><div class=\"icon_text_holder\" style=\"padding-left:45px;\"><div class=\"icon_text_inner\" style=\"\"><h5 class=\"icon_title\" style=\"\">Unsere Referenzen<\/h5><p style=''>Namhafte Unternehmen aus den unterschiedlichsten Branchen vertrauen auf uns und unser Leistungsspektrum \u2013 zum Teil bereits seit 20 Jahren.<\/p><a itemprop='url' class='icon_with_title_link' href='https:\/\/www.thierry-gmbh.de\/ueber-uns\/#referenzen' target='_self' style=''>Ansehen.<\/a><\/div><\/div><\/div>[\/vc_column_inner][vc_column_inner width=&#8221;1\/3&#8243;]<div class='q_icon_with_title tiny normal_icon'><div class=\"icon_holder q_icon_animation\" style=\" transition-delay: 150ms; -webkit-transition-delay: 150ms; -moz-transition-delay: 150ms; -o-transition-delay: 150ms;\"><span data-icon-type=\"normal\"   style=\"font-size: 20px;\" class=\"qode_iwt_icon_holder q_font_awsome_icon fa-lg \"><i class=\"qode_icon_font_awesome fa fa-stop qode_iwt_icon_element\" style=\"color: #bababa;\" ><\/i><\/span><\/div><div class=\"icon_text_holder\" style=\"padding-left:45px;\"><div class=\"icon_text_inner\" style=\"\"><h5 class=\"icon_title\" style=\"\">Unser Download-Service<\/h5><p style=''>Sicherheitsdatenbl\u00e4tter f\u00fcr Pr\u00fcfmittel, technische Datenbl\u00e4tter f\u00fcr Substrate, Informationen zu den Pr\u00fcfger\u00e4ten, ISO-Zertifikate und mehr.<\/p><a itemprop='url' class='icon_with_title_link' href='https:\/\/www.thierry-gmbh.de\/downloads\/' target='_self' style=''>Umschauen.<\/a><\/div><\/div><\/div>[\/vc_column_inner][\/vc_row_inner][\/vc_column][\/vc_row]<\/p>\n<\/div>","protected":false},"excerpt":{"rendered":"<p>[vc_row row_type=&#8221;row&#8221; use_row_as_full_screen_section=&#8221;no&#8221; type=&#8221;grid&#8221; angled_section=&#8221;no&#8221; text_align=&#8221;left&#8221; background_image_as_pattern=&#8221;without_pattern&#8221; padding_top=&#8221;0&#8243; padding_bottom=&#8221;50&#8243; css_animation=&#8221;&#8221;][vc_column width=&#8221;1\/4&#8243;][vc_separator type=&#8221;transparent&#8221; up=&#8221;20&#8243; down=&#8221;20&#8243;][vc_column_text]Your sales contact:\u00a0 Anja Dridi Tel.: +49 (0) 711 839974-18 anja.dridi@thierry-gmbh.de[\/vc_column_text][vc_separator type=&#8221;transparent&#8221; up=&#8221;20&#8243; down=&#8221;20&#8243;][vc_column_text]Your technical contact: Patrick Thierry Tel.: +49 (0) 711 839974-20 patrick.thierry@thierry-gmbh.de[\/vc_column_text][\/vc_column][vc_column width=&#8221;1\/3&#8243;][vc_separator type=&#8221;transparent&#8221; up=&#8221;15&#8243; down=&#8221;15&#8243;][vc_row_inner row_type=&#8221;row&#8221; type=&#8221;full_width&#8221; text_align=&#8221;left&#8221; css_animation=&#8221;&#8221;][vc_column_inner width=&#8221;1\/3&#8243; css=&#8221;.vc_custom_1513107606917{padding-bottom: 20px !important;}&#8221;][vc_single_image image=&#8221;23921&#8243; img_size=&#8221;full&#8221; onclick=&#8221;link_image&#8221; qode_css_animation=&#8221;&#8221;][\/vc_column_inner][vc_column_inner width=&#8221;2\/3&#8243;][vc_column_text]FE-916 Coated on both sides: Anthrazit\/Midgrey[\/vc_column_text][\/vc_column_inner][\/vc_row_inner][vc_empty_space][vc_row_inner row_type=&#8221;row&#8221;&#8230;<\/p>\n","protected":false},"author":3,"featured_media":0,"parent":24936,"menu_order":0,"comment_status":"open","ping_status":"open","template":"full_width.php","meta":{"footnotes":""},"class_list":["post-26735","page","type-page","status-publish","hentry"],"yoast_head":"<!-- This site is optimized with the Yoast SEO Premium plugin v27.2 (Yoast SEO v27.3) - https:\/\/yoast.com\/product\/yoast-seo-premium-wordpress\/ -->\n<title>Aluminium Panels | Coated on Both Sides | Dimension on Request<\/title>\n<meta name=\"description\" content=\"Coated on both sides. 3 types: Anthrazit\/Midgrey - Alpinwhite\/Titangrey - Lightgrey\/Lightgrey || Dimension: on request || Maximum size: 120 x 90 cm\" \/>\n<meta name=\"robots\" content=\"index, follow, max-snippet:-1, max-image-preview:large, max-video-preview:-1\" \/>\n<link rel=\"canonical\" href=\"https:\/\/thierry-gmbh.de\/en\/substrates\/aluminium\/\" \/>\n<meta property=\"og:locale\" content=\"en_US\" \/>\n<meta property=\"og:type\" content=\"article\" \/>\n<meta property=\"og:title\" content=\"Aluminium\" \/>\n<meta property=\"og:description\" content=\"Coated on both sides. 3 types: Anthrazit\/Midgrey - Alpinwhite\/Titangrey - Lightgrey\/Lightgrey || Dimension: on request || Maximum size: 120 x 90 cm\" \/>\n<meta property=\"og:url\" content=\"https:\/\/thierry-gmbh.de\/en\/substrates\/aluminium\/\" \/>\n<meta property=\"og:site_name\" content=\"Thierry Pr\u00e4zisionslackiertechnik GmbH Germany\" \/>\n<meta property=\"article:modified_time\" content=\"2022-08-29T15:59:25+00:00\" \/>\n<meta name=\"twitter:card\" content=\"summary_large_image\" \/>\n<meta name=\"twitter:label1\" content=\"Est. reading time\" \/>\n\t<meta name=\"twitter:data1\" content=\"2 minutes\" \/>\n<script type=\"application\/ld+json\" class=\"yoast-schema-graph\">{\"@context\":\"https:\\\/\\\/schema.org\",\"@graph\":[{\"@type\":\"WebPage\",\"@id\":\"https:\\\/\\\/thierry-gmbh.de\\\/en\\\/substrates\\\/aluminium\\\/\",\"url\":\"https:\\\/\\\/thierry-gmbh.de\\\/en\\\/substrates\\\/aluminium\\\/\",\"name\":\"Aluminium Panels | Coated on Both Sides | Dimension on Request\",\"isPartOf\":{\"@id\":\"https:\\\/\\\/thierry-gmbh.de\\\/en\\\/#website\"},\"datePublished\":\"2018-06-08T14:49:25+00:00\",\"dateModified\":\"2022-08-29T15:59:25+00:00\",\"description\":\"Coated on both sides. 3 types: Anthrazit\\\/Midgrey - Alpinwhite\\\/Titangrey - Lightgrey\\\/Lightgrey || Dimension: on request || Maximum size: 120 x 90 cm\",\"breadcrumb\":{\"@id\":\"https:\\\/\\\/thierry-gmbh.de\\\/en\\\/substrates\\\/aluminium\\\/#breadcrumb\"},\"inLanguage\":\"en-US\",\"potentialAction\":[{\"@type\":\"ReadAction\",\"target\":[\"https:\\\/\\\/thierry-gmbh.de\\\/en\\\/substrates\\\/aluminium\\\/\"]}]},{\"@type\":\"BreadcrumbList\",\"@id\":\"https:\\\/\\\/thierry-gmbh.de\\\/en\\\/substrates\\\/aluminium\\\/#breadcrumb\",\"itemListElement\":[{\"@type\":\"ListItem\",\"position\":1,\"name\":\"Startseite\",\"item\":\"https:\\\/\\\/thierry-gmbh.de\\\/en\\\/\"},{\"@type\":\"ListItem\",\"position\":2,\"name\":\"Painting Substrates\",\"item\":\"https:\\\/\\\/thierry-gmbh.de\\\/en\\\/substrates\\\/\"},{\"@type\":\"ListItem\",\"position\":3,\"name\":\"Aluminium\"}]},{\"@type\":\"WebSite\",\"@id\":\"https:\\\/\\\/thierry-gmbh.de\\\/en\\\/#website\",\"url\":\"https:\\\/\\\/thierry-gmbh.de\\\/en\\\/\",\"name\":\"Thierry Pr\u00e4zisionslackiertechnik GmbH Germany\",\"description\":\"Your professional partner for Master Sample Management, Color Standards, Test Agents and Equipment, Precision Color Cards, Painting Technology &amp; Measurements.\",\"potentialAction\":[{\"@type\":\"SearchAction\",\"target\":{\"@type\":\"EntryPoint\",\"urlTemplate\":\"https:\\\/\\\/thierry-gmbh.de\\\/en\\\/?s={search_term_string}\"},\"query-input\":{\"@type\":\"PropertyValueSpecification\",\"valueRequired\":true,\"valueName\":\"search_term_string\"}}],\"inLanguage\":\"en-US\"}]}<\/script>\n<!-- \/ Yoast SEO Premium plugin. -->","yoast_head_json":{"title":"Aluminium Panels | Coated on Both Sides | Dimension on Request","description":"Coated on both sides. 3 types: Anthrazit\/Midgrey - Alpinwhite\/Titangrey - Lightgrey\/Lightgrey || Dimension: on request || Maximum size: 120 x 90 cm","robots":{"index":"index","follow":"follow","max-snippet":"max-snippet:-1","max-image-preview":"max-image-preview:large","max-video-preview":"max-video-preview:-1"},"canonical":"https:\/\/thierry-gmbh.de\/en\/substrates\/aluminium\/","og_locale":"en_US","og_type":"article","og_title":"Aluminium","og_description":"Coated on both sides. 3 types: Anthrazit\/Midgrey - Alpinwhite\/Titangrey - Lightgrey\/Lightgrey || Dimension: on request || Maximum size: 120 x 90 cm","og_url":"https:\/\/thierry-gmbh.de\/en\/substrates\/aluminium\/","og_site_name":"Thierry Pr\u00e4zisionslackiertechnik GmbH Germany","article_modified_time":"2022-08-29T15:59:25+00:00","twitter_card":"summary_large_image","twitter_misc":{"Est. reading time":"2 minutes"},"schema":{"@context":"https:\/\/schema.org","@graph":[{"@type":"WebPage","@id":"https:\/\/thierry-gmbh.de\/en\/substrates\/aluminium\/","url":"https:\/\/thierry-gmbh.de\/en\/substrates\/aluminium\/","name":"Aluminium Panels | Coated on Both Sides | Dimension on Request","isPartOf":{"@id":"https:\/\/thierry-gmbh.de\/en\/#website"},"datePublished":"2018-06-08T14:49:25+00:00","dateModified":"2022-08-29T15:59:25+00:00","description":"Coated on both sides. 3 types: Anthrazit\/Midgrey - Alpinwhite\/Titangrey - Lightgrey\/Lightgrey || Dimension: on request || Maximum size: 120 x 90 cm","breadcrumb":{"@id":"https:\/\/thierry-gmbh.de\/en\/substrates\/aluminium\/#breadcrumb"},"inLanguage":"en-US","potentialAction":[{"@type":"ReadAction","target":["https:\/\/thierry-gmbh.de\/en\/substrates\/aluminium\/"]}]},{"@type":"BreadcrumbList","@id":"https:\/\/thierry-gmbh.de\/en\/substrates\/aluminium\/#breadcrumb","itemListElement":[{"@type":"ListItem","position":1,"name":"Startseite","item":"https:\/\/thierry-gmbh.de\/en\/"},{"@type":"ListItem","position":2,"name":"Painting Substrates","item":"https:\/\/thierry-gmbh.de\/en\/substrates\/"},{"@type":"ListItem","position":3,"name":"Aluminium"}]},{"@type":"WebSite","@id":"https:\/\/thierry-gmbh.de\/en\/#website","url":"https:\/\/thierry-gmbh.de\/en\/","name":"Thierry Pr\u00e4zisionslackiertechnik GmbH Germany","description":"Your professional partner for Master Sample Management, Color Standards, Test Agents and Equipment, Precision Color Cards, Painting Technology &amp; Measurements.","potentialAction":[{"@type":"SearchAction","target":{"@type":"EntryPoint","urlTemplate":"https:\/\/thierry-gmbh.de\/en\/?s={search_term_string}"},"query-input":{"@type":"PropertyValueSpecification","valueRequired":true,"valueName":"search_term_string"}}],"inLanguage":"en-US"}]}},"_links":{"self":[{"href":"https:\/\/thierry-gmbh.de\/en\/wp-json\/wp\/v2\/pages\/26735","targetHints":{"allow":["GET"]}}],"collection":[{"href":"https:\/\/thierry-gmbh.de\/en\/wp-json\/wp\/v2\/pages"}],"about":[{"href":"https:\/\/thierry-gmbh.de\/en\/wp-json\/wp\/v2\/types\/page"}],"author":[{"embeddable":true,"href":"https:\/\/thierry-gmbh.de\/en\/wp-json\/wp\/v2\/users\/3"}],"replies":[{"embeddable":true,"href":"https:\/\/thierry-gmbh.de\/en\/wp-json\/wp\/v2\/comments?post=26735"}],"version-history":[{"count":0,"href":"https:\/\/thierry-gmbh.de\/en\/wp-json\/wp\/v2\/pages\/26735\/revisions"}],"up":[{"embeddable":true,"href":"https:\/\/thierry-gmbh.de\/en\/wp-json\/wp\/v2\/pages\/24936"}],"wp:attachment":[{"href":"https:\/\/thierry-gmbh.de\/en\/wp-json\/wp\/v2\/media?parent=26735"}],"curies":[{"name":"wp","href":"https:\/\/api.w.org\/{rel}","templated":true}]}}