{"id":26573,"date":"2018-09-25T18:12:23","date_gmt":"2018-09-25T16:12:23","guid":{"rendered":"https:\/\/www.thierry-gmbh.de\/en\/pruefgeraete\/haerte-hardness\/pendeldaempfungs-pruefer\/"},"modified":"2025-02-28T17:01:34","modified_gmt":"2025-02-28T16:01:34","slug":"pendeldaempfungs-pruefer","status":"publish","type":"page","link":"https:\/\/thierry-gmbh.de\/en\/pruefgeraete\/haerte-hardness\/pendeldaempfungs-pruefer\/","title":{"rendered":"Pendeld\u00e4mpfungs Pr\u00fcfer"},"content":{"rendered":"<div class=\"wpb-content-wrapper\"><p>[vc_row row_type=&#8221;row&#8221; use_row_as_full_screen_section=&#8221;no&#8221; type=&#8221;grid&#8221; angled_section=&#8221;no&#8221; text_align=&#8221;left&#8221; background_image_as_pattern=&#8221;without_pattern&#8221; padding_top=&#8221;0&#8243; padding_bottom=&#8221;50&#8243; css_animation=&#8221;&#8221;][vc_column width=&#8221;1\/4&#8243;][vc_separator type=&#8221;transparent&#8221; up=&#8221;20&#8243; down=&#8221;20&#8243;][vc_widget_sidebar sidebar_id=&#8221;PG: Contact&#8221;][vc_separator type=&#8221;transparent&#8221; up=&#8221;20&#8243; down=&#8221;20&#8243;][vc_widget_sidebar sidebar_id=&#8221;PG: Menu \/ Hardness&#8221;][vc_separator type=&#8221;transparent&#8221; up=&#8221;20&#8243; down=&#8221;20&#8243;][\/vc_column][vc_column width=&#8221;3\/4&#8243;][vc_separator type=&#8221;transparent&#8221; up=&#8221;15&#8243; down=&#8221;15&#8243;][vc_row_inner row_type=&#8221;row&#8221; type=&#8221;full_width&#8221; text_align=&#8221;left&#8221; css_animation=&#8221;&#8221;][vc_column_inner width=&#8221;5\/12&#8243; css=&#8221;.vc_custom_1490601898619{padding-bottom: 20px !important;}&#8221;][vc_gallery interval=&#8221;3&#8243; images=&#8221;25014,25042,25041,25075,25073,30300,30298&#8243; img_size=&#8221;full&#8221;][\/vc_column_inner][vc_column_inner width=&#8221;7\/12&#8243;][vc_widget_sidebar sidebar_id=&#8221;PG: Article Header&#8221;][\/vc_column_inner][\/vc_row_inner]<div class=\"custom_font_holder\" style=\" font-size: 20px; line-height: 26px; font-style: normal; font-weight: 300; text-decoration: none; text-align: left;\">Pendeld\u00e4mpfungs Pr\u00fcfer nach K\u00f6nig und Persoz\u00a0 (inkl. beider Pendel)<strong>\u00a0\u00a0<\/strong><\/p>\n<h4>5.140,00 \u20ac<\/h4>\n<p><\/div>[vc_column_text]<\/p>\n<h4><strong>Pendeld\u00e4mpfungs Pr\u00fcfer<\/strong><\/h4>\n<p>&nbsp;<\/p>\n<p><strong><u>Beschreibung<\/u><\/strong><u>:<\/u><\/p>\n<p>Der Pendeld\u00e4mpfungs Pr\u00fcfer ist ein vollautomatisches Pr\u00fcfger\u00e4t zur Bestimmung der H\u00e4rte von Beschichtungen anhand der Pendeld\u00e4mpfungsmethode. Dabei kann das Ger\u00e4t sowohl das Pendel nach K\u00f6nig, als auch das Pendel nach Persoz verwenden und auswerten.<\/p>\n<p>Dazu wird das jeweilige Pendel auf die zu pr\u00fcfende Platte gesetzt, Ber\u00fchrpunkte zwischen der zu pr\u00fcfenden Platte und dem Pendel bilden dabei nur die 2 gro\u00dfen Kugeln am Pendel.<\/p>\n<p>Zur Messung wird das Pendel aus der Ruhelage entfernt und auf die jeweilige definierte Startposition (K:6\u00b0\/P:12\u00b0) gebracht und freigegeben.<\/p>\n<p>Als Ma\u00df f\u00fcr die D\u00e4mpfung gilt die Anzahl der Schwingungen oder die Zeit in Sekunden, welche die Amplitude des Pendels von der Startposition auf die Endposition (K:3\u00b0\/P:4\u00b0) ben\u00f6tigt.<\/p>\n<p>Die Pendelschwingungen und die Zeit werden dabei jeweils am Display angezeigt.<\/p>\n<p>Je weicher eine Beschichtung, desto k\u00fcrzer die Schwingungsdauer bzw. je h\u00e4rter eine Beschichtung, desto l\u00e4nger die Schwingungsdauer.<\/p>\n<p>&nbsp;<\/p>\n<p><strong><u>Pendelmethode nach K\u00f6nig<\/u><\/strong><\/p>\n<p>Hier wiegt das Pendel 200 g und der Durchmesser der zwei Kugeln betr\u00e4gt 5 mm.<\/p>\n<p>Startposition liegt hier bei 6\u00b0 und beim Erreichen von 3\u00b0 wird die Messung automatisch gestoppt.<\/p>\n<p>Die Anzahl der Schwingungen oder die Zeit in Sekunden werden hier automatisch vom Ger\u00e4t gemessen.<\/p>\n<p><strong>\u00a0<\/strong><\/p>\n<p><strong><u>Pendelmethode nach Persoz<\/u><\/strong><\/p>\n<p>Dieses Pendel hat eine andere Struktur, zudem wiegt das Pendel 500 g und der Durchmesser der zwei Kugeln betr\u00e4gt 8 mm \u2013 daher f\u00fchren beide Pendel zu unterschiedlichen Messwerten.<\/p>\n<p>Startposition liegt hier bei 12\u00b0 und beim Erreichen von 4\u00b0 wird die Messung automatisch gestoppt.<\/p>\n<p>Die Anzahl der Schwingungen oder die Zeit in Sekunden werden hier automatisch vom Ger\u00e4t gemessen.<\/p>\n<p>&nbsp;<\/p>\n<p><strong><u>Besonderheiten<\/u><\/strong><\/p>\n<ul>\n<li>LCD Farb-Touchdisplay<\/li>\n<li>Pendeltyp wird automatisch vom Ger\u00e4t erkannt<\/li>\n<li>Pendel Startposition wird automatisch eingestellt<\/li>\n<li>Warnung, falls das Ger\u00e4t sich nicht im Gleichgewicht befindet<\/li>\n<li>Digitale Anzeige der Temperatur und Luftfeuchtigkeit<\/li>\n<li>Geschlossenes System: H\u00fclle bzw. Deckel werden automatisch gesteuert und geschlossen<\/li>\n<li>Automatische Speicherung der Messwerte<\/li>\n<\/ul>\n<p>&nbsp;<\/p>\n<p><strong><u>Technische Daten:<\/u><\/strong><\/p>\n<h4><strong><img loading=\"lazy\" decoding=\"async\" class=\"alignnone size-full wp-image-25059\" src=\"https:\/\/www.thierry-gmbh.de\/wp-content\/uploads\/2018\/09\/Technische-Spezifikation-Pendelh\u00e4rte-Pr\u00fcfer-deutsch.png\" alt=\"Technische Spezifikation Pendelh\u00e4rte Pr\u00fcfer deutsch\" width=\"810\" height=\"482\" srcset=\"https:\/\/thierry-gmbh.de\/wp-content\/uploads\/2018\/09\/Technische-Spezifikation-Pendelh\u00e4rte-Pr\u00fcfer-deutsch.png 810w, https:\/\/thierry-gmbh.de\/wp-content\/uploads\/2018\/09\/Technische-Spezifikation-Pendelh\u00e4rte-Pr\u00fcfer-deutsch-300x179.png 300w, https:\/\/thierry-gmbh.de\/wp-content\/uploads\/2018\/09\/Technische-Spezifikation-Pendelh\u00e4rte-Pr\u00fcfer-deutsch-768x457.png 768w, https:\/\/thierry-gmbh.de\/wp-content\/uploads\/2018\/09\/Technische-Spezifikation-Pendelh\u00e4rte-Pr\u00fcfer-deutsch-500x298.png 500w, https:\/\/thierry-gmbh.de\/wp-content\/uploads\/2018\/09\/Technische-Spezifikation-Pendelh\u00e4rte-Pr\u00fcfer-deutsch-700x417.png 700w\" sizes=\"auto, (max-width: 810px) 100vw, 810px\" \/><br \/>\n<\/strong><\/h4>\n<h4><\/h4>\n<p><strong>Ma\u00dfe: <\/strong>(LxBxH) 445*350*750 mm (mit hochgefahrener H\u00fclle 1270 mm)<br \/>\n<strong>Gewicht:<\/strong>\u00a030 kg<\/p>\n<p><strong>Artikelnummer<\/strong> (Pendeld\u00e4mpfungs-Pr\u00fcfer): PG-1306<\/p>\n<p><strong>Lieferumfang:<\/strong> Pendeld\u00e4mpfungs Pr\u00fcfer mit einem Pendel nach K\u00f6nig und einem Pendel nach Persoz<\/p>\n<p>&nbsp;<\/p>\n<p>Preis f\u00fcr Pendeld\u00e4mpfungs Pr\u00fcfer mit nur einem Pendel (K\u00f6nig oder Persoz): Auf Anfrage<\/p>\n<p>&nbsp;<\/p>\n<p>Die Glasplatte kommt ohne Zertifikat.<\/p>\n<p>&nbsp;<\/p>\n<p><strong><u>Normen:<\/u><\/strong><\/p>\n<p>ISO 1522, ASTM D4366, NF T30-016, BS 3900 E5, DIN 53157<\/p>\n<p>&nbsp;<\/p>\n<p><span style=\"color: #99cc00;\"><strong>Inklusive Herstellerpr\u00fcfzertifikat und 1 Jahr Garantie<\/strong><\/span><\/p>\n<p>&nbsp;<\/p>\n<p><strong> Video Pendeld\u00e4mpfungs Pr\u00fcfer<\/strong><\/p>\n<div class=\"brlbs-cmpnt-container brlbs-cmpnt-content-blocker brlbs-cmpnt-with-individual-styles\" data-borlabs-cookie-content-blocker-id=\"youtube-content-blocker\" data-borlabs-cookie-content=\"PGlmcmFtZSBzcmM9Imh0dHBzOi8vd3d3LnlvdXR1YmUtbm9jb29raWUuY29tL2VtYmVkL25sMzRPbmdDNHlNIiB3aWR0aD0iMzQ1IiBoZWlnaHQ9IjE5NCIgZnJhbWVib3JkZXI9IjAiIGFsbG93ZnVsbHNjcmVlbj0iYWxsb3dmdWxsc2NyZWVuIj48L2lmcmFtZT4=\">\n<div class=\"brlbs-cmpnt-cb-preset-c brlbs-cmpnt-cb-youtube\">\n<div class=\"brlbs-cmpnt-cb-thumbnail\" style=\"background-image: url('https:\/\/thierry-gmbh.de\/wp-content\/uploads\/borlabs-cookie\/1\/yt_nl34OngC4yM_hqdefault.jpg')\"><\/div>\n<div class=\"brlbs-cmpnt-cb-main\">\n<div class=\"brlbs-cmpnt-cb-play-button\"><\/div>\n<div class=\"brlbs-cmpnt-cb-content\">\n<p class=\"brlbs-cmpnt-cb-description\">You are currently viewing a placeholder content from <strong>YouTube<\/strong>. To access the actual content, click the button below. Please note that doing so will share data with third-party providers.<\/p>\n<p> <a class=\"brlbs-cmpnt-cb-provider-toggle\" href=\"#\" data-borlabs-cookie-show-provider-information role=\"button\">More Information<\/a> <\/div>\n<div class=\"brlbs-cmpnt-cb-buttons\"> <a class=\"brlbs-cmpnt-cb-btn\" href=\"#\" data-borlabs-cookie-unblock role=\"button\">Unblock content<\/a> <a class=\"brlbs-cmpnt-cb-btn\" href=\"#\" data-borlabs-cookie-accept-service role=\"button\" style=\"display: inherit\">Accept required service and unblock content<\/a> <\/div><\/div><\/div>\n<\/div>\n<p>[\/vc_column_text][vc_empty_space][\/vc_column][\/vc_row][vc_row row_type=&#8221;row&#8221; use_row_as_full_screen_section=&#8221;no&#8221; type=&#8221;full_width&#8221; angled_section=&#8221;no&#8221; text_align=&#8221;left&#8221; background_image_as_pattern=&#8221;without_pattern&#8221; css_animation=&#8221;&#8221;][vc_column offset=&#8221;vc_hidden-xs&#8221;][vc_separator type=&#8221;transparent&#8221; up=&#8221;50&#8243;][\/vc_column][\/vc_row][vc_row row_type=&#8221;row&#8221; use_row_as_full_screen_section=&#8221;no&#8221; type=&#8221;full_width&#8221; angled_section=&#8221;no&#8221; text_align=&#8221;left&#8221; background_image_as_pattern=&#8221;without_pattern&#8221; css_animation=&#8221;&#8221;][vc_column offset=&#8221;vc_hidden-xs&#8221;][vc_separator type=&#8221;normal&#8221; color=&#8221;#e0e0e0&#8243; thickness=&#8221;1&#8243;][\/vc_column][\/vc_row][vc_row row_type=&#8221;row&#8221; use_row_as_full_screen_section=&#8221;no&#8221; type=&#8221;grid&#8221; angled_section=&#8221;no&#8221; text_align=&#8221;left&#8221; background_image_as_pattern=&#8221;without_pattern&#8221; padding_top=&#8221;50&#8243; padding_bottom=&#8221;50&#8243; css_animation=&#8221;&#8221;][vc_column offset=&#8221;vc_hidden-xs&#8221;][vc_row_inner row_type=&#8221;row&#8221; type=&#8221;full_width&#8221; text_align=&#8221;left&#8221; css_animation=&#8221;&#8221;][vc_column_inner width=&#8221;1\/3&#8243;]<div class='q_icon_with_title tiny normal_icon'><div class=\"icon_holder q_icon_animation\" style=\" transition-delay: 150ms; -webkit-transition-delay: 150ms; -moz-transition-delay: 150ms; -o-transition-delay: 150ms;\"><span data-icon-type=\"normal\"   style=\"font-size: 20px;\" class=\"qode_iwt_icon_holder q_font_awsome_icon fa-lg \"><i class=\"qode_icon_font_awesome fa fa-stop qode_iwt_icon_element\" style=\"color: #e30513;\" ><\/i><\/span><\/div><div class=\"icon_text_holder\" style=\"padding-left:45px;\"><div class=\"icon_text_inner\" style=\"\"><h5 class=\"icon_title\" style=\"\">Unser Online-Shop<\/h5><p style=''>Ihr Sofort-Zugriff auf unser gesamtes Produktspektrum, von Urmustern \u00fcber Corporate Color Cards bis hin zu unseren Pr\u00fcfmitteln.<\/p><a itemprop='url' class='icon_with_title_link' href='https:\/\/store.thierry-corp.com\/store\/' target='_blank' style=''>Anmelden.<\/a><\/div><\/div><\/div>[\/vc_column_inner][vc_column_inner width=&#8221;1\/3&#8243;]<div class='q_icon_with_title tiny normal_icon'><div class=\"icon_holder q_icon_animation\" style=\" transition-delay: 150ms; -webkit-transition-delay: 150ms; -moz-transition-delay: 150ms; -o-transition-delay: 150ms;\"><span data-icon-type=\"normal\"   style=\"font-size: 20px;\" class=\"qode_iwt_icon_holder q_font_awsome_icon fa-lg \"><i class=\"qode_icon_font_awesome fa fa-stop qode_iwt_icon_element\" style=\"color: #203a8f;\" ><\/i><\/span><\/div><div class=\"icon_text_holder\" style=\"padding-left:45px;\"><div class=\"icon_text_inner\" style=\"\"><h5 class=\"icon_title\" style=\"\">Unsere Referenzen<\/h5><p style=''>Namhafte Unternehmen aus den unterschiedlichsten Branchen vertrauen auf uns und unser Leistungsspektrum \u2013 zum Teil bereits seit 20 Jahren.<\/p><a itemprop='url' class='icon_with_title_link' href='https:\/\/www.thierry-gmbh.de\/ueber-uns\/#referenzen' target='_self' style=''>Ansehen.<\/a><\/div><\/div><\/div>[\/vc_column_inner][vc_column_inner width=&#8221;1\/3&#8243;]<div class='q_icon_with_title tiny normal_icon'><div class=\"icon_holder q_icon_animation\" style=\" transition-delay: 150ms; -webkit-transition-delay: 150ms; -moz-transition-delay: 150ms; -o-transition-delay: 150ms;\"><span data-icon-type=\"normal\"   style=\"font-size: 20px;\" class=\"qode_iwt_icon_holder q_font_awsome_icon fa-lg \"><i class=\"qode_icon_font_awesome fa fa-stop qode_iwt_icon_element\" style=\"color: #bababa;\" ><\/i><\/span><\/div><div class=\"icon_text_holder\" style=\"padding-left:45px;\"><div class=\"icon_text_inner\" style=\"\"><h5 class=\"icon_title\" style=\"\">Unser Download-Service<\/h5><p style=''>Sicherheitsdatenbl\u00e4tter f\u00fcr Pr\u00fcfmittel, technische Datenbl\u00e4tter f\u00fcr Substrate, Informationen zu den Pr\u00fcfger\u00e4ten, ISO-Zertifikate und mehr.<\/p><a itemprop='url' class='icon_with_title_link' href='https:\/\/www.thierry-gmbh.de\/downloads\/' target='_self' style=''>Umschauen.<\/a><\/div><\/div><\/div>[\/vc_column_inner][\/vc_row_inner][\/vc_column][\/vc_row]<\/p>\n<\/div>","protected":false},"excerpt":{"rendered":"<p>[vc_row row_type=&#8221;row&#8221; use_row_as_full_screen_section=&#8221;no&#8221; type=&#8221;grid&#8221; angled_section=&#8221;no&#8221; text_align=&#8221;left&#8221; background_image_as_pattern=&#8221;without_pattern&#8221; padding_top=&#8221;0&#8243; padding_bottom=&#8221;50&#8243; css_animation=&#8221;&#8221;][vc_column width=&#8221;1\/4&#8243;][vc_separator type=&#8221;transparent&#8221; up=&#8221;20&#8243; down=&#8221;20&#8243;][vc_widget_sidebar sidebar_id=&#8221;PG: Contact&#8221;][vc_separator type=&#8221;transparent&#8221; up=&#8221;20&#8243; down=&#8221;20&#8243;][vc_widget_sidebar sidebar_id=&#8221;PG: Menu \/ Hardness&#8221;][vc_separator type=&#8221;transparent&#8221; up=&#8221;20&#8243; down=&#8221;20&#8243;][\/vc_column][vc_column width=&#8221;3\/4&#8243;][vc_separator type=&#8221;transparent&#8221; up=&#8221;15&#8243; down=&#8221;15&#8243;][vc_row_inner row_type=&#8221;row&#8221; type=&#8221;full_width&#8221; text_align=&#8221;left&#8221; css_animation=&#8221;&#8221;][vc_column_inner width=&#8221;5\/12&#8243; css=&#8221;.vc_custom_1490601898619{padding-bottom: 20px !important;}&#8221;][vc_gallery interval=&#8221;3&#8243; images=&#8221;25014,25042,25041,25075,25073,30300,30298&#8243; img_size=&#8221;full&#8221;][\/vc_column_inner][vc_column_inner width=&#8221;7\/12&#8243;][vc_widget_sidebar sidebar_id=&#8221;PG: Article Header&#8221;][\/vc_column_inner][\/vc_row_inner][vc_column_text] Pendeld\u00e4mpfungs Pr\u00fcfer &nbsp; Beschreibung: Der Pendeld\u00e4mpfungs Pr\u00fcfer ist ein vollautomatisches Pr\u00fcfger\u00e4t zur Bestimmung der H\u00e4rte&#8230;<\/p>\n","protected":false},"author":8,"featured_media":0,"parent":18824,"menu_order":48,"comment_status":"open","ping_status":"closed","template":"full_width.php","meta":{"footnotes":""},"class_list":["post-26573","page","type-page","status-publish","hentry"],"yoast_head":"<!-- This site is optimized with the Yoast SEO Premium plugin v27.5 (Yoast SEO v27.6) - https:\/\/yoast.com\/product\/yoast-seo-premium-wordpress\/ -->\n<title>Pendeld\u00e4mpfungs Pr\u00fcfer nach K\u00f6nig und Persoz | Thierry GmbH<\/title>\n<meta name=\"description\" content=\"Pendeld\u00e4mpfungs Pr\u00fcfer nach K\u00f6nig und Persoz (inkl. beider Pendel). Pendeld\u00e4mpfungs Pr\u00fcfer mit einem Pendel (K\u00f6nig oder Persoz).\" \/>\n<meta name=\"robots\" content=\"index, follow, max-snippet:-1, max-image-preview:large, max-video-preview:-1\" \/>\n<link rel=\"canonical\" href=\"https:\/\/thierry-gmbh.de\/en\/pruefgeraete\/haerte-hardness\/pendeldaempfungs-pruefer\/\" \/>\n<meta property=\"og:locale\" content=\"en_US\" \/>\n<meta property=\"og:type\" content=\"article\" \/>\n<meta property=\"og:title\" content=\"Pendeld\u00e4mpfungs Pr\u00fcfer\" \/>\n<meta property=\"og:description\" content=\"Pendeld\u00e4mpfungs Pr\u00fcfer nach K\u00f6nig und Persoz (inkl. beider Pendel). Pendeld\u00e4mpfungs Pr\u00fcfer mit einem Pendel (K\u00f6nig oder Persoz).\" \/>\n<meta property=\"og:url\" content=\"https:\/\/thierry-gmbh.de\/en\/pruefgeraete\/haerte-hardness\/pendeldaempfungs-pruefer\/\" \/>\n<meta property=\"og:site_name\" content=\"Thierry Pr\u00e4zisionslackiertechnik GmbH Germany\" \/>\n<meta property=\"article:modified_time\" content=\"2025-02-28T16:01:34+00:00\" \/>\n<meta name=\"twitter:card\" content=\"summary_large_image\" \/>\n<meta name=\"twitter:label1\" content=\"Est. reading time\" \/>\n\t<meta name=\"twitter:data1\" content=\"5 minutes\" \/>\n<script type=\"application\/ld+json\" class=\"yoast-schema-graph\">{\"@context\":\"https:\\\/\\\/schema.org\",\"@graph\":[{\"@type\":\"WebPage\",\"@id\":\"https:\\\/\\\/thierry-gmbh.de\\\/en\\\/pruefgeraete\\\/haerte-hardness\\\/pendeldaempfungs-pruefer\\\/\",\"url\":\"https:\\\/\\\/thierry-gmbh.de\\\/en\\\/pruefgeraete\\\/haerte-hardness\\\/pendeldaempfungs-pruefer\\\/\",\"name\":\"Pendeld\u00e4mpfungs Pr\u00fcfer nach K\u00f6nig und Persoz | Thierry GmbH\",\"isPartOf\":{\"@id\":\"https:\\\/\\\/thierry-gmbh.de\\\/en\\\/#website\"},\"datePublished\":\"2018-09-25T16:12:23+00:00\",\"dateModified\":\"2025-02-28T16:01:34+00:00\",\"description\":\"Pendeld\u00e4mpfungs Pr\u00fcfer nach K\u00f6nig und Persoz (inkl. beider Pendel). Pendeld\u00e4mpfungs Pr\u00fcfer mit einem Pendel (K\u00f6nig oder Persoz).\",\"breadcrumb\":{\"@id\":\"https:\\\/\\\/thierry-gmbh.de\\\/en\\\/pruefgeraete\\\/haerte-hardness\\\/pendeldaempfungs-pruefer\\\/#breadcrumb\"},\"inLanguage\":\"en-US\",\"potentialAction\":[{\"@type\":\"ReadAction\",\"target\":[\"https:\\\/\\\/thierry-gmbh.de\\\/en\\\/pruefgeraete\\\/haerte-hardness\\\/pendeldaempfungs-pruefer\\\/\"]}]},{\"@type\":\"BreadcrumbList\",\"@id\":\"https:\\\/\\\/thierry-gmbh.de\\\/en\\\/pruefgeraete\\\/haerte-hardness\\\/pendeldaempfungs-pruefer\\\/#breadcrumb\",\"itemListElement\":[{\"@type\":\"ListItem\",\"position\":1,\"name\":\"Startseite\",\"item\":\"https:\\\/\\\/thierry-gmbh.de\\\/en\\\/\"},{\"@type\":\"ListItem\",\"position\":2,\"name\":\"Testing Instruments\",\"item\":\"https:\\\/\\\/thierry-gmbh.de\\\/en\\\/pruefgeraete\\\/\"},{\"@type\":\"ListItem\",\"position\":3,\"name\":\"Hardness\",\"item\":\"https:\\\/\\\/thierry-gmbh.de\\\/en\\\/pruefgeraete\\\/haerte-hardness\\\/\"},{\"@type\":\"ListItem\",\"position\":4,\"name\":\"Pendeld\u00e4mpfungs Pr\u00fcfer\"}]},{\"@type\":\"WebSite\",\"@id\":\"https:\\\/\\\/thierry-gmbh.de\\\/en\\\/#website\",\"url\":\"https:\\\/\\\/thierry-gmbh.de\\\/en\\\/\",\"name\":\"Thierry Pr\u00e4zisionslackiertechnik GmbH Germany\",\"description\":\"Your professional partner for Master Sample Management, Color Standards, Test Agents and Equipment, Precision Color Cards, Painting Technology &amp; Measurements.\",\"potentialAction\":[{\"@type\":\"SearchAction\",\"target\":{\"@type\":\"EntryPoint\",\"urlTemplate\":\"https:\\\/\\\/thierry-gmbh.de\\\/en\\\/?s={search_term_string}\"},\"query-input\":{\"@type\":\"PropertyValueSpecification\",\"valueRequired\":true,\"valueName\":\"search_term_string\"}}],\"inLanguage\":\"en-US\"}]}<\/script>\n<!-- \/ Yoast SEO Premium plugin. -->","yoast_head_json":{"title":"Pendeld\u00e4mpfungs Pr\u00fcfer nach K\u00f6nig und Persoz | Thierry GmbH","description":"Pendeld\u00e4mpfungs Pr\u00fcfer nach K\u00f6nig und Persoz (inkl. beider Pendel). Pendeld\u00e4mpfungs Pr\u00fcfer mit einem Pendel (K\u00f6nig oder Persoz).","robots":{"index":"index","follow":"follow","max-snippet":"max-snippet:-1","max-image-preview":"max-image-preview:large","max-video-preview":"max-video-preview:-1"},"canonical":"https:\/\/thierry-gmbh.de\/en\/pruefgeraete\/haerte-hardness\/pendeldaempfungs-pruefer\/","og_locale":"en_US","og_type":"article","og_title":"Pendeld\u00e4mpfungs Pr\u00fcfer","og_description":"Pendeld\u00e4mpfungs Pr\u00fcfer nach K\u00f6nig und Persoz (inkl. beider Pendel). Pendeld\u00e4mpfungs Pr\u00fcfer mit einem Pendel (K\u00f6nig oder Persoz).","og_url":"https:\/\/thierry-gmbh.de\/en\/pruefgeraete\/haerte-hardness\/pendeldaempfungs-pruefer\/","og_site_name":"Thierry Pr\u00e4zisionslackiertechnik GmbH Germany","article_modified_time":"2025-02-28T16:01:34+00:00","twitter_card":"summary_large_image","twitter_misc":{"Est. reading time":"5 minutes"},"schema":{"@context":"https:\/\/schema.org","@graph":[{"@type":"WebPage","@id":"https:\/\/thierry-gmbh.de\/en\/pruefgeraete\/haerte-hardness\/pendeldaempfungs-pruefer\/","url":"https:\/\/thierry-gmbh.de\/en\/pruefgeraete\/haerte-hardness\/pendeldaempfungs-pruefer\/","name":"Pendeld\u00e4mpfungs Pr\u00fcfer nach K\u00f6nig und Persoz | Thierry GmbH","isPartOf":{"@id":"https:\/\/thierry-gmbh.de\/en\/#website"},"datePublished":"2018-09-25T16:12:23+00:00","dateModified":"2025-02-28T16:01:34+00:00","description":"Pendeld\u00e4mpfungs Pr\u00fcfer nach K\u00f6nig und Persoz (inkl. beider Pendel). Pendeld\u00e4mpfungs Pr\u00fcfer mit einem Pendel (K\u00f6nig oder Persoz).","breadcrumb":{"@id":"https:\/\/thierry-gmbh.de\/en\/pruefgeraete\/haerte-hardness\/pendeldaempfungs-pruefer\/#breadcrumb"},"inLanguage":"en-US","potentialAction":[{"@type":"ReadAction","target":["https:\/\/thierry-gmbh.de\/en\/pruefgeraete\/haerte-hardness\/pendeldaempfungs-pruefer\/"]}]},{"@type":"BreadcrumbList","@id":"https:\/\/thierry-gmbh.de\/en\/pruefgeraete\/haerte-hardness\/pendeldaempfungs-pruefer\/#breadcrumb","itemListElement":[{"@type":"ListItem","position":1,"name":"Startseite","item":"https:\/\/thierry-gmbh.de\/en\/"},{"@type":"ListItem","position":2,"name":"Testing Instruments","item":"https:\/\/thierry-gmbh.de\/en\/pruefgeraete\/"},{"@type":"ListItem","position":3,"name":"Hardness","item":"https:\/\/thierry-gmbh.de\/en\/pruefgeraete\/haerte-hardness\/"},{"@type":"ListItem","position":4,"name":"Pendeld\u00e4mpfungs Pr\u00fcfer"}]},{"@type":"WebSite","@id":"https:\/\/thierry-gmbh.de\/en\/#website","url":"https:\/\/thierry-gmbh.de\/en\/","name":"Thierry Pr\u00e4zisionslackiertechnik GmbH Germany","description":"Your professional partner for Master Sample Management, Color Standards, Test Agents and Equipment, Precision Color Cards, Painting Technology &amp; Measurements.","potentialAction":[{"@type":"SearchAction","target":{"@type":"EntryPoint","urlTemplate":"https:\/\/thierry-gmbh.de\/en\/?s={search_term_string}"},"query-input":{"@type":"PropertyValueSpecification","valueRequired":true,"valueName":"search_term_string"}}],"inLanguage":"en-US"}]}},"_links":{"self":[{"href":"https:\/\/thierry-gmbh.de\/en\/wp-json\/wp\/v2\/pages\/26573","targetHints":{"allow":["GET"]}}],"collection":[{"href":"https:\/\/thierry-gmbh.de\/en\/wp-json\/wp\/v2\/pages"}],"about":[{"href":"https:\/\/thierry-gmbh.de\/en\/wp-json\/wp\/v2\/types\/page"}],"author":[{"embeddable":true,"href":"https:\/\/thierry-gmbh.de\/en\/wp-json\/wp\/v2\/users\/8"}],"replies":[{"embeddable":true,"href":"https:\/\/thierry-gmbh.de\/en\/wp-json\/wp\/v2\/comments?post=26573"}],"version-history":[{"count":0,"href":"https:\/\/thierry-gmbh.de\/en\/wp-json\/wp\/v2\/pages\/26573\/revisions"}],"up":[{"embeddable":true,"href":"https:\/\/thierry-gmbh.de\/en\/wp-json\/wp\/v2\/pages\/18824"}],"wp:attachment":[{"href":"https:\/\/thierry-gmbh.de\/en\/wp-json\/wp\/v2\/media?parent=26573"}],"curies":[{"name":"wp","href":"https:\/\/api.w.org\/{rel}","templated":true}]}}