{"id":25600,"date":"2018-06-06T13:29:09","date_gmt":"2018-06-06T11:29:09","guid":{"rendered":"https:\/\/www.thierry-gmbh.de\/en\/pruefgeraete\/dissolvers-dispersers\/pg-006\/"},"modified":"2025-02-12T16:44:13","modified_gmt":"2025-02-12T15:44:13","slug":"pg-006","status":"publish","type":"page","link":"https:\/\/thierry-gmbh.de\/en\/pruefgeraete\/dissolvers-dispersers\/pg-006\/","title":{"rendered":"PG-2501\/5A"},"content":{"rendered":"<div class=\"wpb-content-wrapper\"><p>[vc_row row_type=&#8221;row&#8221; use_row_as_full_screen_section=&#8221;no&#8221; type=&#8221;grid&#8221; angled_section=&#8221;no&#8221; text_align=&#8221;left&#8221; background_image_as_pattern=&#8221;without_pattern&#8221; padding_top=&#8221;0&#8243; padding_bottom=&#8221;50&#8243; css_animation=&#8221;&#8221;][vc_column width=&#8221;1\/4&#8243;][vc_separator type=&#8221;transparent&#8221; up=&#8221;20&#8243; down=&#8221;20&#8243;][vc_widget_sidebar sidebar_id=&#8221;PG: Contact&#8221;][vc_separator type=&#8221;transparent&#8221; up=&#8221;20&#8243; down=&#8221;20&#8243;][vc_widget_sidebar sidebar_id=&#8221;PG: Menu \/ Dissolver&#8221;][vc_separator type=&#8221;transparent&#8221; up=&#8221;20&#8243; down=&#8221;20&#8243;][\/vc_column][vc_column width=&#8221;3\/4&#8243;][vc_separator type=&#8221;transparent&#8221; up=&#8221;15&#8243; down=&#8221;15&#8243;][vc_row_inner row_type=&#8221;row&#8221; type=&#8221;full_width&#8221; text_align=&#8221;left&#8221; css_animation=&#8221;&#8221;][vc_column_inner width=&#8221;5\/12&#8243; css=&#8221;.vc_custom_1490601898619{padding-bottom: 20px !important;}&#8221;][vc_single_image image=&#8221;18014&#8243; img_size=&#8221;full&#8221; onclick=&#8221;link_image&#8221; qode_css_animation=&#8221;&#8221;][\/vc_column_inner][vc_column_inner width=&#8221;7\/12&#8243;][vc_widget_sidebar sidebar_id=&#8221;PG: Article Header&#8221;]<div class=\"custom_font_holder\" style=\" font-size: 20px; line-height: 26px; font-style: normal; font-weight: 300; text-decoration: none; text-align: left;\">7,450.00 \u20ac<\/div>[vc_column_text]<strong>Disperser<\/strong><\/p>\n<p>&nbsp;<\/p>\n<p><span lang=\"EN-US\"><strong>Description:<\/strong><br \/>\n<\/span><span lang=\"EN-US\">Our dispersers feature frequency adapters for adjusting the speed and are controlled via a modern touchscreen. Various attachments allow you to disperse, mix or grind. Use the touchscreen to set the speed (rpm) and the duration of the dispersing or milling process.<\/span><\/p>\n<p><span lang=\"EN-US\"> Our dispersers are ideal\u00a0 in research and development for various needs when mixing samples in laboratory scale.<\/span><\/p>\n<p>With the use of the double walled stainless steel vessel, a water cooling is possible.<\/p>\n<p>The dispersers shaft is fixed, but the discs can be replaced, for example:\u00a0 standard disperser disc or milling disc in combination with grinding beads (= bead mill).<\/p>\n<p>&nbsp;<\/p>\n<p><strong><span lang=\"EN-US\">Scope of application:<br \/>\n<\/span><\/strong><span lang=\"EN-US\">Our disperser is suitable for high speed stirring, as well as dissolving and dispersing liquid and solid materials in industries such as paints, printing inks, pigments, cosmetics, foods, binders, adhesives, medicine or mineral oil.<\/span><\/p>\n<p>&nbsp;<\/p>\n<p><strong>Technical specifications:<\/strong><br \/>\n&#8211; Touchscreen controls and emergency stop<\/p>\n<p>&#8211; Safety clamp<\/p>\n<p>&#8211; Adjustable timer (device switchs off automatically)<\/p>\n<p>&#8211; Electric Motor: with frequency converter<br \/>\n&#8211; Lifting System: manual or automatic<br \/>\n&#8211; Available vessel: 5 and 10\u00a0l<\/p>\n<p>&nbsp;<\/p>\n<p><strong>Item number:<\/strong> PG-2501\/5A<br \/>\n<strong>Motor Power\u00a0(W):<\/strong>\u00a01500<br \/>\n<strong>Supply Voltage\u00a0(V\/Hz):<\/strong> 220\/50<br \/>\n<strong>Speed (rpm):<\/strong>\u00a0300-6000<br \/>\n<strong>Lifting Distance\u00a0(mm): <\/strong>400<br \/>\n<strong>Lifting System:<\/strong>\u00a0automatic<\/p>\n<p><strong>Weight (kg):<\/strong>\u00a095<\/p>\n<p><strong>Dimension (mm):<\/strong>\u00a01320*550*550<\/p>\n<p>&nbsp;<\/p>\n<p><strong>Scope of Delivery<\/strong>:<\/p>\n<p>Disperser,\u00a05 liter vessel, 4 discs of your choice.<\/p>\n<p>&nbsp;<\/p>\n<table style=\"height: 466px;\" width=\"290\">\n<tbody>\n<tr>\n<td style=\"text-align: center;\" colspan=\"2\" width=\"208\">PG-2501\/5A<\/td>\n<\/tr>\n<tr>\n<td>RPM [U\/min]<\/td>\n<td>Torque [Nm]<\/td>\n<\/tr>\n<tr>\n<td>1000<\/td>\n<td>14,3<\/td>\n<\/tr>\n<tr>\n<td>2000<\/td>\n<td>7,2<\/td>\n<\/tr>\n<tr>\n<td>3000<\/td>\n<td>4,8<\/td>\n<\/tr>\n<tr>\n<td>4000<\/td>\n<td>3,6<\/td>\n<\/tr>\n<tr>\n<td>5000<\/td>\n<td>2,9<\/td>\n<\/tr>\n<tr>\n<td>6000<\/td>\n<td>2,4<\/td>\n<\/tr>\n<tr>\n<td>7000<\/td>\n<td>\/<\/td>\n<\/tr>\n<tr>\n<td>8000<\/td>\n<td>\/<\/td>\n<\/tr>\n<tr>\n<td>9000<\/td>\n<td>\/<\/td>\n<\/tr>\n<tr>\n<td><\/td>\n<td><\/td>\n<\/tr>\n<\/tbody>\n<\/table>\n<p>[\/vc_column_text][\/vc_column_inner][\/vc_row_inner][vc_empty_space][\/vc_column][\/vc_row][vc_row row_type=&#8221;row&#8221; use_row_as_full_screen_section=&#8221;no&#8221; type=&#8221;full_width&#8221; angled_section=&#8221;no&#8221; text_align=&#8221;left&#8221; background_image_as_pattern=&#8221;without_pattern&#8221; css_animation=&#8221;&#8221;][vc_column offset=&#8221;vc_hidden-xs&#8221;][vc_separator type=&#8221;transparent&#8221; up=&#8221;50&#8243;][\/vc_column][\/vc_row][vc_row row_type=&#8221;row&#8221; use_row_as_full_screen_section=&#8221;no&#8221; type=&#8221;full_width&#8221; angled_section=&#8221;no&#8221; text_align=&#8221;left&#8221; background_image_as_pattern=&#8221;without_pattern&#8221; css_animation=&#8221;&#8221;][vc_column offset=&#8221;vc_hidden-xs&#8221;][vc_separator type=&#8221;normal&#8221; color=&#8221;#e0e0e0&#8243; thickness=&#8221;1&#8243;][\/vc_column][\/vc_row][vc_row row_type=&#8221;row&#8221; use_row_as_full_screen_section=&#8221;no&#8221; type=&#8221;grid&#8221; angled_section=&#8221;no&#8221; text_align=&#8221;left&#8221; background_image_as_pattern=&#8221;without_pattern&#8221; padding_top=&#8221;50&#8243; padding_bottom=&#8221;50&#8243; css_animation=&#8221;&#8221;][vc_column offset=&#8221;vc_hidden-xs&#8221;][vc_row_inner row_type=&#8221;row&#8221; type=&#8221;full_width&#8221; text_align=&#8221;left&#8221; css_animation=&#8221;&#8221;][vc_column_inner width=&#8221;1\/3&#8243;]<div class='q_icon_with_title tiny normal_icon'><div class=\"icon_holder q_icon_animation\" style=\" transition-delay: 150ms; -webkit-transition-delay: 150ms; -moz-transition-delay: 150ms; -o-transition-delay: 150ms;\"><span data-icon-type=\"normal\"   style=\"font-size: 20px;\" class=\"qode_iwt_icon_holder q_font_awsome_icon fa-lg \"><i class=\"qode_icon_font_awesome fa fa-stop qode_iwt_icon_element\" style=\"color: #e30513;\" ><\/i><\/span><\/div><div class=\"icon_text_holder\" style=\"padding-left:45px;\"><div class=\"icon_text_inner\" style=\"\"><h5 class=\"icon_title\" style=\"\">Unser Online-Shop<\/h5><p style=''>Ihr Sofort-Zugriff auf unser gesamtes Produktspektrum, von Urmustern \u00fcber Corporate Color Cards bis hin zu unseren Pr\u00fcfmitteln.<\/p><a itemprop='url' class='icon_with_title_link' href='https:\/\/store.thierry-corp.com\/store\/' target='_blank' style=''>Anmelden.<\/a><\/div><\/div><\/div>[\/vc_column_inner][vc_column_inner width=&#8221;1\/3&#8243;]<div class='q_icon_with_title tiny normal_icon'><div class=\"icon_holder q_icon_animation\" style=\" transition-delay: 150ms; -webkit-transition-delay: 150ms; -moz-transition-delay: 150ms; -o-transition-delay: 150ms;\"><span data-icon-type=\"normal\"   style=\"font-size: 20px;\" class=\"qode_iwt_icon_holder q_font_awsome_icon fa-lg \"><i class=\"qode_icon_font_awesome fa fa-stop qode_iwt_icon_element\" style=\"color: #203a8f;\" ><\/i><\/span><\/div><div class=\"icon_text_holder\" style=\"padding-left:45px;\"><div class=\"icon_text_inner\" style=\"\"><h5 class=\"icon_title\" style=\"\">Unsere Referenzen<\/h5><p style=''>Namhafte Unternehmen aus den unterschiedlichsten Branchen vertrauen auf uns und unser Leistungsspektrum \u2013 zum Teil bereits seit 20 Jahren.<\/p><a itemprop='url' class='icon_with_title_link' href='https:\/\/www.thierry-gmbh.de\/ueber-uns\/#referenzen' target='_self' style=''>Ansehen.<\/a><\/div><\/div><\/div>[\/vc_column_inner][vc_column_inner width=&#8221;1\/3&#8243;]<div class='q_icon_with_title tiny normal_icon'><div class=\"icon_holder q_icon_animation\" style=\" transition-delay: 150ms; -webkit-transition-delay: 150ms; -moz-transition-delay: 150ms; -o-transition-delay: 150ms;\"><span data-icon-type=\"normal\"   style=\"font-size: 20px;\" class=\"qode_iwt_icon_holder q_font_awsome_icon fa-lg \"><i class=\"qode_icon_font_awesome fa fa-stop qode_iwt_icon_element\" style=\"color: #bababa;\" ><\/i><\/span><\/div><div class=\"icon_text_holder\" style=\"padding-left:45px;\"><div class=\"icon_text_inner\" style=\"\"><h5 class=\"icon_title\" style=\"\">Unser Download-Service<\/h5><p style=''>Sicherheitsdatenbl\u00e4tter f\u00fcr Pr\u00fcfmittel, technische Datenbl\u00e4tter f\u00fcr Substrate, Informationen zu den Pr\u00fcfger\u00e4ten, ISO-Zertifikate und mehr.<\/p><a itemprop='url' class='icon_with_title_link' href='https:\/\/www.thierry-gmbh.de\/downloads\/' target='_self' style=''>Umschauen.<\/a><\/div><\/div><\/div>[\/vc_column_inner][\/vc_row_inner][\/vc_column][\/vc_row]<\/p>\n<\/div>","protected":false},"excerpt":{"rendered":"<p>[vc_row row_type=&#8221;row&#8221; use_row_as_full_screen_section=&#8221;no&#8221; type=&#8221;grid&#8221; angled_section=&#8221;no&#8221; text_align=&#8221;left&#8221; background_image_as_pattern=&#8221;without_pattern&#8221; padding_top=&#8221;0&#8243; padding_bottom=&#8221;50&#8243; css_animation=&#8221;&#8221;][vc_column width=&#8221;1\/4&#8243;][vc_separator type=&#8221;transparent&#8221; up=&#8221;20&#8243; down=&#8221;20&#8243;][vc_widget_sidebar sidebar_id=&#8221;PG: Contact&#8221;][vc_separator type=&#8221;transparent&#8221; up=&#8221;20&#8243; down=&#8221;20&#8243;][vc_widget_sidebar sidebar_id=&#8221;PG: Menu \/ Dissolver&#8221;][vc_separator type=&#8221;transparent&#8221; up=&#8221;20&#8243; down=&#8221;20&#8243;][\/vc_column][vc_column width=&#8221;3\/4&#8243;][vc_separator type=&#8221;transparent&#8221; up=&#8221;15&#8243; down=&#8221;15&#8243;][vc_row_inner row_type=&#8221;row&#8221; type=&#8221;full_width&#8221; text_align=&#8221;left&#8221; css_animation=&#8221;&#8221;][vc_column_inner width=&#8221;5\/12&#8243; css=&#8221;.vc_custom_1490601898619{padding-bottom: 20px !important;}&#8221;][vc_single_image image=&#8221;18014&#8243; img_size=&#8221;full&#8221; onclick=&#8221;link_image&#8221; qode_css_animation=&#8221;&#8221;][\/vc_column_inner][vc_column_inner width=&#8221;7\/12&#8243;][vc_widget_sidebar sidebar_id=&#8221;PG: Article Header&#8221;][vc_column_text]Disperser &nbsp; Description: Our dispersers feature frequency adapters for adjusting the speed and are controlled&#8230;<\/p>\n","protected":false},"author":8,"featured_media":0,"parent":18807,"menu_order":30,"comment_status":"open","ping_status":"closed","template":"full_width.php","meta":{"footnotes":""},"class_list":["post-25600","page","type-page","status-publish","hentry"],"yoast_head":"<!-- This site is optimized with the Yoast SEO Premium plugin v27.2 (Yoast SEO v27.4) - https:\/\/yoast.com\/product\/yoast-seo-premium-wordpress\/ -->\n<title>PG-2501\/5A Dissolver bestellen<\/title>\n<meta name=\"description\" content=\"Pr\u00fcfger\u00e4te f\u00fcr Qualit\u00e4tskontrollen \u2713 und als Laborausstattung \u2713 Nach internationalen Normen gefertigte Pr\u00fcfger\u00e4te online bestellen. Preise &amp; Details \u00bb\" \/>\n<meta name=\"robots\" content=\"index, follow, max-snippet:-1, max-image-preview:large, max-video-preview:-1\" \/>\n<link rel=\"canonical\" href=\"https:\/\/thierry-gmbh.de\/en\/pruefgeraete\/dissolvers-dispersers\/pg-006\/\" \/>\n<meta property=\"og:locale\" content=\"en_US\" \/>\n<meta property=\"og:type\" content=\"article\" \/>\n<meta property=\"og:title\" content=\"PG-2501\/5A\" \/>\n<meta property=\"og:description\" content=\"Pr\u00fcfger\u00e4te f\u00fcr Qualit\u00e4tskontrollen \u2713 und als Laborausstattung \u2713 Nach internationalen Normen gefertigte Pr\u00fcfger\u00e4te online bestellen. Preise &amp; Details \u00bb\" \/>\n<meta property=\"og:url\" content=\"https:\/\/thierry-gmbh.de\/en\/pruefgeraete\/dissolvers-dispersers\/pg-006\/\" \/>\n<meta property=\"og:site_name\" content=\"Thierry Pr\u00e4zisionslackiertechnik GmbH Germany\" \/>\n<meta property=\"article:modified_time\" content=\"2025-02-12T15:44:13+00:00\" \/>\n<meta name=\"twitter:card\" content=\"summary_large_image\" \/>\n<meta name=\"twitter:label1\" content=\"Est. reading time\" \/>\n\t<meta name=\"twitter:data1\" content=\"3 minutes\" \/>\n<script type=\"application\/ld+json\" class=\"yoast-schema-graph\">{\"@context\":\"https:\\\/\\\/schema.org\",\"@graph\":[{\"@type\":\"WebPage\",\"@id\":\"https:\\\/\\\/thierry-gmbh.de\\\/en\\\/pruefgeraete\\\/dissolvers-dispersers\\\/pg-006\\\/\",\"url\":\"https:\\\/\\\/thierry-gmbh.de\\\/en\\\/pruefgeraete\\\/dissolvers-dispersers\\\/pg-006\\\/\",\"name\":\"PG-2501\\\/5A Dissolver bestellen\",\"isPartOf\":{\"@id\":\"https:\\\/\\\/thierry-gmbh.de\\\/en\\\/#website\"},\"datePublished\":\"2018-06-06T11:29:09+00:00\",\"dateModified\":\"2025-02-12T15:44:13+00:00\",\"description\":\"Pr\u00fcfger\u00e4te f\u00fcr Qualit\u00e4tskontrollen \u2713 und als Laborausstattung \u2713 Nach internationalen Normen gefertigte Pr\u00fcfger\u00e4te online bestellen. Preise & Details \u00bb\",\"breadcrumb\":{\"@id\":\"https:\\\/\\\/thierry-gmbh.de\\\/en\\\/pruefgeraete\\\/dissolvers-dispersers\\\/pg-006\\\/#breadcrumb\"},\"inLanguage\":\"en-US\",\"potentialAction\":[{\"@type\":\"ReadAction\",\"target\":[\"https:\\\/\\\/thierry-gmbh.de\\\/en\\\/pruefgeraete\\\/dissolvers-dispersers\\\/pg-006\\\/\"]}]},{\"@type\":\"BreadcrumbList\",\"@id\":\"https:\\\/\\\/thierry-gmbh.de\\\/en\\\/pruefgeraete\\\/dissolvers-dispersers\\\/pg-006\\\/#breadcrumb\",\"itemListElement\":[{\"@type\":\"ListItem\",\"position\":1,\"name\":\"Startseite\",\"item\":\"https:\\\/\\\/thierry-gmbh.de\\\/en\\\/\"},{\"@type\":\"ListItem\",\"position\":2,\"name\":\"Testing Instruments\",\"item\":\"https:\\\/\\\/thierry-gmbh.de\\\/en\\\/pruefgeraete\\\/\"},{\"@type\":\"ListItem\",\"position\":3,\"name\":\"Disperser\",\"item\":\"https:\\\/\\\/thierry-gmbh.de\\\/en\\\/pruefgeraete\\\/dissolvers-dispersers\\\/\"},{\"@type\":\"ListItem\",\"position\":4,\"name\":\"PG-2501\\\/5A\"}]},{\"@type\":\"WebSite\",\"@id\":\"https:\\\/\\\/thierry-gmbh.de\\\/en\\\/#website\",\"url\":\"https:\\\/\\\/thierry-gmbh.de\\\/en\\\/\",\"name\":\"Thierry Pr\u00e4zisionslackiertechnik GmbH Germany\",\"description\":\"Your professional partner for Master Sample Management, Color Standards, Test Agents and Equipment, Precision Color Cards, Painting Technology &amp; Measurements.\",\"potentialAction\":[{\"@type\":\"SearchAction\",\"target\":{\"@type\":\"EntryPoint\",\"urlTemplate\":\"https:\\\/\\\/thierry-gmbh.de\\\/en\\\/?s={search_term_string}\"},\"query-input\":{\"@type\":\"PropertyValueSpecification\",\"valueRequired\":true,\"valueName\":\"search_term_string\"}}],\"inLanguage\":\"en-US\"}]}<\/script>\n<!-- \/ Yoast SEO Premium plugin. -->","yoast_head_json":{"title":"PG-2501\/5A Dissolver bestellen","description":"Pr\u00fcfger\u00e4te f\u00fcr Qualit\u00e4tskontrollen \u2713 und als Laborausstattung \u2713 Nach internationalen Normen gefertigte Pr\u00fcfger\u00e4te online bestellen. Preise & Details \u00bb","robots":{"index":"index","follow":"follow","max-snippet":"max-snippet:-1","max-image-preview":"max-image-preview:large","max-video-preview":"max-video-preview:-1"},"canonical":"https:\/\/thierry-gmbh.de\/en\/pruefgeraete\/dissolvers-dispersers\/pg-006\/","og_locale":"en_US","og_type":"article","og_title":"PG-2501\/5A","og_description":"Pr\u00fcfger\u00e4te f\u00fcr Qualit\u00e4tskontrollen \u2713 und als Laborausstattung \u2713 Nach internationalen Normen gefertigte Pr\u00fcfger\u00e4te online bestellen. Preise & Details \u00bb","og_url":"https:\/\/thierry-gmbh.de\/en\/pruefgeraete\/dissolvers-dispersers\/pg-006\/","og_site_name":"Thierry Pr\u00e4zisionslackiertechnik GmbH Germany","article_modified_time":"2025-02-12T15:44:13+00:00","twitter_card":"summary_large_image","twitter_misc":{"Est. reading time":"3 minutes"},"schema":{"@context":"https:\/\/schema.org","@graph":[{"@type":"WebPage","@id":"https:\/\/thierry-gmbh.de\/en\/pruefgeraete\/dissolvers-dispersers\/pg-006\/","url":"https:\/\/thierry-gmbh.de\/en\/pruefgeraete\/dissolvers-dispersers\/pg-006\/","name":"PG-2501\/5A Dissolver bestellen","isPartOf":{"@id":"https:\/\/thierry-gmbh.de\/en\/#website"},"datePublished":"2018-06-06T11:29:09+00:00","dateModified":"2025-02-12T15:44:13+00:00","description":"Pr\u00fcfger\u00e4te f\u00fcr Qualit\u00e4tskontrollen \u2713 und als Laborausstattung \u2713 Nach internationalen Normen gefertigte Pr\u00fcfger\u00e4te online bestellen. Preise & Details \u00bb","breadcrumb":{"@id":"https:\/\/thierry-gmbh.de\/en\/pruefgeraete\/dissolvers-dispersers\/pg-006\/#breadcrumb"},"inLanguage":"en-US","potentialAction":[{"@type":"ReadAction","target":["https:\/\/thierry-gmbh.de\/en\/pruefgeraete\/dissolvers-dispersers\/pg-006\/"]}]},{"@type":"BreadcrumbList","@id":"https:\/\/thierry-gmbh.de\/en\/pruefgeraete\/dissolvers-dispersers\/pg-006\/#breadcrumb","itemListElement":[{"@type":"ListItem","position":1,"name":"Startseite","item":"https:\/\/thierry-gmbh.de\/en\/"},{"@type":"ListItem","position":2,"name":"Testing Instruments","item":"https:\/\/thierry-gmbh.de\/en\/pruefgeraete\/"},{"@type":"ListItem","position":3,"name":"Disperser","item":"https:\/\/thierry-gmbh.de\/en\/pruefgeraete\/dissolvers-dispersers\/"},{"@type":"ListItem","position":4,"name":"PG-2501\/5A"}]},{"@type":"WebSite","@id":"https:\/\/thierry-gmbh.de\/en\/#website","url":"https:\/\/thierry-gmbh.de\/en\/","name":"Thierry Pr\u00e4zisionslackiertechnik GmbH Germany","description":"Your professional partner for Master Sample Management, Color Standards, Test Agents and Equipment, Precision Color Cards, Painting Technology &amp; Measurements.","potentialAction":[{"@type":"SearchAction","target":{"@type":"EntryPoint","urlTemplate":"https:\/\/thierry-gmbh.de\/en\/?s={search_term_string}"},"query-input":{"@type":"PropertyValueSpecification","valueRequired":true,"valueName":"search_term_string"}}],"inLanguage":"en-US"}]}},"_links":{"self":[{"href":"https:\/\/thierry-gmbh.de\/en\/wp-json\/wp\/v2\/pages\/25600","targetHints":{"allow":["GET"]}}],"collection":[{"href":"https:\/\/thierry-gmbh.de\/en\/wp-json\/wp\/v2\/pages"}],"about":[{"href":"https:\/\/thierry-gmbh.de\/en\/wp-json\/wp\/v2\/types\/page"}],"author":[{"embeddable":true,"href":"https:\/\/thierry-gmbh.de\/en\/wp-json\/wp\/v2\/users\/8"}],"replies":[{"embeddable":true,"href":"https:\/\/thierry-gmbh.de\/en\/wp-json\/wp\/v2\/comments?post=25600"}],"version-history":[{"count":0,"href":"https:\/\/thierry-gmbh.de\/en\/wp-json\/wp\/v2\/pages\/25600\/revisions"}],"up":[{"embeddable":true,"href":"https:\/\/thierry-gmbh.de\/en\/wp-json\/wp\/v2\/pages\/18807"}],"wp:attachment":[{"href":"https:\/\/thierry-gmbh.de\/en\/wp-json\/wp\/v2\/media?parent=25600"}],"curies":[{"name":"wp","href":"https:\/\/api.w.org\/{rel}","templated":true}]}}