{"id":24441,"date":"2018-06-22T18:20:02","date_gmt":"2018-06-22T16:20:02","guid":{"rendered":"https:\/\/www.thierry-gmbh.de\/en\/pruefgeraete\/aufziehrakel-film-application\/pg-032-200004\/"},"modified":"2025-04-22T15:13:20","modified_gmt":"2025-04-22T13:13:20","slug":"pg-032-200004","status":"publish","type":"page","link":"https:\/\/thierry-gmbh.de\/en\/pruefgeraete\/film-application\/bar-coaters\/pg-032-200004\/","title":{"rendered":"PG-200\/4"},"content":{"rendered":"<div class=\"wpb-content-wrapper\"><p>[vc_row row_type=&#8221;row&#8221; use_row_as_full_screen_section=&#8221;no&#8221; type=&#8221;grid&#8221; angled_section=&#8221;no&#8221; text_align=&#8221;left&#8221; background_image_as_pattern=&#8221;without_pattern&#8221; padding_top=&#8221;0&#8243; padding_bottom=&#8221;50&#8243; css_animation=&#8221;&#8221;][vc_column width=&#8221;1\/4&#8243;][vc_separator type=&#8221;transparent&#8221; up=&#8221;20&#8243; down=&#8221;20&#8243;][vc_widget_sidebar sidebar_id=&#8221;PG: Contact&#8221;][vc_separator type=&#8221;transparent&#8221; up=&#8221;20&#8243; down=&#8221;20&#8243;][vc_widget_sidebar sidebar_id=&#8221;PG: Menu \/ Film-Application&#8221;][vc_separator type=&#8221;transparent&#8221; up=&#8221;20&#8243; down=&#8221;20&#8243;][\/vc_column][vc_column width=&#8221;3\/4&#8243;][vc_separator type=&#8221;transparent&#8221; up=&#8221;15&#8243; down=&#8221;15&#8243;][vc_row_inner row_type=&#8221;row&#8221; type=&#8221;full_width&#8221; text_align=&#8221;left&#8221; css_animation=&#8221;&#8221;][vc_column_inner width=&#8221;5\/12&#8243; css=&#8221;.vc_custom_1490603601240{padding-bottom: 20px !important;}&#8221;][vc_gallery interval=&#8221;3&#8243; images=&#8221;20371,20372&#8243; img_size=&#8221;large&#8221;][\/vc_column_inner][vc_column_inner width=&#8221;7\/12&#8243;][vc_widget_sidebar sidebar_id=&#8221;PG: Article Header&#8221;][\/vc_column_inner][\/vc_row_inner]<div class=\"custom_font_holder\" style=\" font-size: 20px; line-height: 26px; font-style: normal; font-weight: 300; text-decoration: none; text-align: left;\">Bar Coater 4 \u00b5m<\/p>\n<h4>125.00 \u20ac<\/h4>\n<p><\/div>[vc_column_text]<strong>Description:<br \/>\n<\/strong>The bar coater 4 \u00b5m allows application on a flat substrate with a defined wet film thickness. Depending on the required wet film thickness the corresponding bar coater\u00a0is used. The bar coater can be used manually, mounted on the rod holder (200 mm film width) or with an automatic film applicator (320 mm film width).<\/p>\n<p>&nbsp;<\/p>\n<p><strong>Technical specifications:<br \/>\n<\/strong>&#8211; Quality stainless steel bar coater<br \/>\n&#8211; Diameter: 10 mm<br \/>\n&#8211; Two film widths available: 200 or 320 mm<br \/>\n&#8211; Total length of the bar coater: 240 or 400 mm<br \/>\n&#8211; Available in: 4, 6, 8, 10, 12, 15, 20, 25, 30, 40, 50, 60, 80, 100, 120, 150 or 200 \u00b5m<br \/>\n&#8211; Additional rod holder available<\/p>\n<p><strong>Film Width (mm):<\/strong>\u00a0200<br \/>\n<strong>Wet Film Thickness (\u00b5m):<\/strong>\u00a04<\/p>\n<p>&nbsp;<\/p>\n<h5>Item number (bar coater 4 \u00b5m): PG-200\/4<\/h5>\n<p>&nbsp;<\/p>\n<p><strong><span style=\"color: #99cc00;\"><span lang=\"EN-US\">Including m<\/span><\/span><\/strong><span lang=\"EN-US\"><strong><span style=\"color: #99cc00;\">anufacturer&#8217;s test certificate and 1 year warranty<\/span><\/strong><\/span><\/p>\n<p>&nbsp;<\/p>\n<p>Other film widths and wet film thicknessess available on request.<\/p>\n<p>&nbsp;<\/p>\n<p>Andere Filmbreiten und Nassfilmschichtdicken auf Anfrage erh\u00e4ltlich.[\/vc_column_text][vc_empty_space][\/vc_column][\/vc_row][vc_row row_type=&#8221;row&#8221; use_row_as_full_screen_section=&#8221;no&#8221; type=&#8221;full_width&#8221; angled_section=&#8221;no&#8221; text_align=&#8221;left&#8221; background_image_as_pattern=&#8221;without_pattern&#8221; css_animation=&#8221;&#8221;][vc_column offset=&#8221;vc_hidden-xs&#8221;][vc_separator type=&#8221;transparent&#8221; up=&#8221;50&#8243;][\/vc_column][\/vc_row][vc_row row_type=&#8221;row&#8221; use_row_as_full_screen_section=&#8221;no&#8221; type=&#8221;full_width&#8221; angled_section=&#8221;no&#8221; text_align=&#8221;left&#8221; background_image_as_pattern=&#8221;without_pattern&#8221; css_animation=&#8221;&#8221;][vc_column offset=&#8221;vc_hidden-xs&#8221;][vc_separator type=&#8221;normal&#8221; color=&#8221;#e0e0e0&#8243; thickness=&#8221;1&#8243;][\/vc_column][\/vc_row][vc_row row_type=&#8221;row&#8221; use_row_as_full_screen_section=&#8221;no&#8221; type=&#8221;grid&#8221; angled_section=&#8221;no&#8221; text_align=&#8221;left&#8221; background_image_as_pattern=&#8221;without_pattern&#8221; padding_top=&#8221;50&#8243; padding_bottom=&#8221;50&#8243; css_animation=&#8221;&#8221;][vc_column offset=&#8221;vc_hidden-xs&#8221;][vc_row_inner row_type=&#8221;row&#8221; type=&#8221;full_width&#8221; text_align=&#8221;left&#8221; css_animation=&#8221;&#8221;][vc_column_inner width=&#8221;1\/3&#8243;]<div class='q_icon_with_title tiny normal_icon'><div class=\"icon_holder q_icon_animation\" style=\" transition-delay: 150ms; -webkit-transition-delay: 150ms; -moz-transition-delay: 150ms; -o-transition-delay: 150ms;\"><span data-icon-type=\"normal\"   style=\"font-size: 20px;\" class=\"qode_iwt_icon_holder q_font_awsome_icon fa-lg \"><i class=\"qode_icon_font_awesome fa fa-stop qode_iwt_icon_element\" style=\"color: #e30513;\" ><\/i><\/span><\/div><div class=\"icon_text_holder\" style=\"padding-left:45px;\"><div class=\"icon_text_inner\" style=\"\"><h5 class=\"icon_title\" style=\"\">Unser Online-Shop<\/h5><p style=''>Ihr Sofort-Zugriff auf unser gesamtes Produktspektrum, von Urmustern \u00fcber Corporate Color Cards bis hin zu unseren Pr\u00fcfmitteln.<\/p><a itemprop='url' class='icon_with_title_link' href='https:\/\/store.thierry-corp.com\/store\/' target='_blank' style=''>Anmelden.<\/a><\/div><\/div><\/div>[\/vc_column_inner][vc_column_inner width=&#8221;1\/3&#8243;]<div class='q_icon_with_title tiny normal_icon'><div class=\"icon_holder q_icon_animation\" style=\" transition-delay: 150ms; -webkit-transition-delay: 150ms; -moz-transition-delay: 150ms; -o-transition-delay: 150ms;\"><span data-icon-type=\"normal\"   style=\"font-size: 20px;\" class=\"qode_iwt_icon_holder q_font_awsome_icon fa-lg \"><i class=\"qode_icon_font_awesome fa fa-stop qode_iwt_icon_element\" style=\"color: #203a8f;\" ><\/i><\/span><\/div><div class=\"icon_text_holder\" style=\"padding-left:45px;\"><div class=\"icon_text_inner\" style=\"\"><h5 class=\"icon_title\" style=\"\">Unsere Referenzen<\/h5><p style=''>Namhafte Unternehmen aus den unterschiedlichsten Branchen vertrauen auf uns und unser Leistungsspektrum \u2013 zum Teil bereits seit 20 Jahren.<\/p><a itemprop='url' class='icon_with_title_link' href='https:\/\/www.thierry-gmbh.de\/ueber-uns\/#referenzen' target='_self' style=''>Ansehen.<\/a><\/div><\/div><\/div>[\/vc_column_inner][vc_column_inner width=&#8221;1\/3&#8243;]<div class='q_icon_with_title tiny normal_icon'><div class=\"icon_holder q_icon_animation\" style=\" transition-delay: 150ms; -webkit-transition-delay: 150ms; -moz-transition-delay: 150ms; -o-transition-delay: 150ms;\"><span data-icon-type=\"normal\"   style=\"font-size: 20px;\" class=\"qode_iwt_icon_holder q_font_awsome_icon fa-lg \"><i class=\"qode_icon_font_awesome fa fa-stop qode_iwt_icon_element\" style=\"color: #bababa;\" ><\/i><\/span><\/div><div class=\"icon_text_holder\" style=\"padding-left:45px;\"><div class=\"icon_text_inner\" style=\"\"><h5 class=\"icon_title\" style=\"\">Unser Download-Service<\/h5><p style=''>Sicherheitsdatenbl\u00e4tter f\u00fcr Pr\u00fcfmittel, technische Datenbl\u00e4tter f\u00fcr Substrate, Informationen zu den Pr\u00fcfger\u00e4ten, ISO-Zertifikate und mehr.<\/p><a itemprop='url' class='icon_with_title_link' href='https:\/\/www.thierry-gmbh.de\/downloads\/' target='_self' style=''>Umschauen.<\/a><\/div><\/div><\/div>[\/vc_column_inner][\/vc_row_inner][\/vc_column][\/vc_row]<\/p>\n<\/div>","protected":false},"excerpt":{"rendered":"<p>[vc_row row_type=&#8221;row&#8221; use_row_as_full_screen_section=&#8221;no&#8221; type=&#8221;grid&#8221; angled_section=&#8221;no&#8221; text_align=&#8221;left&#8221; background_image_as_pattern=&#8221;without_pattern&#8221; padding_top=&#8221;0&#8243; padding_bottom=&#8221;50&#8243; css_animation=&#8221;&#8221;][vc_column width=&#8221;1\/4&#8243;][vc_separator type=&#8221;transparent&#8221; up=&#8221;20&#8243; down=&#8221;20&#8243;][vc_widget_sidebar sidebar_id=&#8221;PG: Contact&#8221;][vc_separator type=&#8221;transparent&#8221; up=&#8221;20&#8243; down=&#8221;20&#8243;][vc_widget_sidebar sidebar_id=&#8221;PG: Menu \/ Film-Application&#8221;][vc_separator type=&#8221;transparent&#8221; up=&#8221;20&#8243; down=&#8221;20&#8243;][\/vc_column][vc_column width=&#8221;3\/4&#8243;][vc_separator type=&#8221;transparent&#8221; up=&#8221;15&#8243; down=&#8221;15&#8243;][vc_row_inner row_type=&#8221;row&#8221; type=&#8221;full_width&#8221; text_align=&#8221;left&#8221; css_animation=&#8221;&#8221;][vc_column_inner width=&#8221;5\/12&#8243; css=&#8221;.vc_custom_1490603601240{padding-bottom: 20px !important;}&#8221;][vc_gallery interval=&#8221;3&#8243; images=&#8221;20371,20372&#8243; img_size=&#8221;large&#8221;][\/vc_column_inner][vc_column_inner width=&#8221;7\/12&#8243;][vc_widget_sidebar sidebar_id=&#8221;PG: Article Header&#8221;][\/vc_column_inner][\/vc_row_inner][vc_column_text]Description: The bar coater 4 \u00b5m allows application on a flat substrate with a defined wet&#8230;<\/p>\n","protected":false},"author":8,"featured_media":0,"parent":25379,"menu_order":35,"comment_status":"open","ping_status":"closed","template":"full_width.php","meta":{"footnotes":""},"class_list":["post-24441","page","type-page","status-publish","hentry"],"yoast_head":"<!-- This site is optimized with the Yoast SEO Premium plugin v27.2 (Yoast SEO v27.4) - https:\/\/yoast.com\/product\/yoast-seo-premium-wordpress\/ -->\n<title>bar coater 4 \u00b5m | made of stainless steel | film width 200 mm | Thierry GmbH<\/title>\n<meta name=\"description\" content=\"bar coater 4 \u00b5m | 78,00 \u20ac | made of stainless steel | film width 200 mm | Including manufacturer&#039;s test certificate and 1 year warranty | Thierry GmbH\" \/>\n<meta name=\"robots\" content=\"index, follow, max-snippet:-1, max-image-preview:large, max-video-preview:-1\" \/>\n<link rel=\"canonical\" href=\"https:\/\/thierry-gmbh.de\/en\/pruefgeraete\/film-application\/bar-coaters\/pg-032-200004\/\" \/>\n<meta property=\"og:locale\" content=\"en_US\" \/>\n<meta property=\"og:type\" content=\"article\" \/>\n<meta property=\"og:title\" content=\"PG-200\/4\" \/>\n<meta property=\"og:description\" content=\"bar coater 4 \u00b5m | 78,00 \u20ac | made of stainless steel | film width 200 mm | Including manufacturer&#039;s test certificate and 1 year warranty | Thierry GmbH\" \/>\n<meta property=\"og:url\" content=\"https:\/\/thierry-gmbh.de\/en\/pruefgeraete\/film-application\/bar-coaters\/pg-032-200004\/\" \/>\n<meta property=\"og:site_name\" content=\"Thierry Pr\u00e4zisionslackiertechnik GmbH Germany\" \/>\n<meta property=\"article:modified_time\" content=\"2025-04-22T13:13:20+00:00\" \/>\n<meta name=\"twitter:card\" content=\"summary_large_image\" \/>\n<meta name=\"twitter:label1\" content=\"Est. reading time\" \/>\n\t<meta name=\"twitter:data1\" content=\"3 minutes\" \/>\n<script type=\"application\/ld+json\" class=\"yoast-schema-graph\">{\"@context\":\"https:\\\/\\\/schema.org\",\"@graph\":[{\"@type\":\"WebPage\",\"@id\":\"https:\\\/\\\/thierry-gmbh.de\\\/en\\\/pruefgeraete\\\/film-application\\\/bar-coaters\\\/pg-032-200004\\\/\",\"url\":\"https:\\\/\\\/thierry-gmbh.de\\\/en\\\/pruefgeraete\\\/film-application\\\/bar-coaters\\\/pg-032-200004\\\/\",\"name\":\"bar coater 4 \u00b5m | made of stainless steel | film width 200 mm | Thierry GmbH\",\"isPartOf\":{\"@id\":\"https:\\\/\\\/thierry-gmbh.de\\\/en\\\/#website\"},\"datePublished\":\"2018-06-22T16:20:02+00:00\",\"dateModified\":\"2025-04-22T13:13:20+00:00\",\"description\":\"bar coater 4 \u00b5m | 78,00 \u20ac | made of stainless steel | film width 200 mm | Including manufacturer's test certificate and 1 year warranty | Thierry GmbH\",\"breadcrumb\":{\"@id\":\"https:\\\/\\\/thierry-gmbh.de\\\/en\\\/pruefgeraete\\\/film-application\\\/bar-coaters\\\/pg-032-200004\\\/#breadcrumb\"},\"inLanguage\":\"en-US\",\"potentialAction\":[{\"@type\":\"ReadAction\",\"target\":[\"https:\\\/\\\/thierry-gmbh.de\\\/en\\\/pruefgeraete\\\/film-application\\\/bar-coaters\\\/pg-032-200004\\\/\"]}]},{\"@type\":\"BreadcrumbList\",\"@id\":\"https:\\\/\\\/thierry-gmbh.de\\\/en\\\/pruefgeraete\\\/film-application\\\/bar-coaters\\\/pg-032-200004\\\/#breadcrumb\",\"itemListElement\":[{\"@type\":\"ListItem\",\"position\":1,\"name\":\"Startseite\",\"item\":\"https:\\\/\\\/thierry-gmbh.de\\\/en\\\/\"},{\"@type\":\"ListItem\",\"position\":2,\"name\":\"Testing Instruments\",\"item\":\"https:\\\/\\\/thierry-gmbh.de\\\/en\\\/pruefgeraete\\\/\"},{\"@type\":\"ListItem\",\"position\":3,\"name\":\"Film Application\",\"item\":\"https:\\\/\\\/thierry-gmbh.de\\\/en\\\/pruefgeraete\\\/film-application\\\/\"},{\"@type\":\"ListItem\",\"position\":4,\"name\":\"Bar Coaters\",\"item\":\"https:\\\/\\\/thierry-gmbh.de\\\/en\\\/pruefgeraete\\\/film-application\\\/bar-coaters\\\/\"},{\"@type\":\"ListItem\",\"position\":5,\"name\":\"PG-200\\\/4\"}]},{\"@type\":\"WebSite\",\"@id\":\"https:\\\/\\\/thierry-gmbh.de\\\/en\\\/#website\",\"url\":\"https:\\\/\\\/thierry-gmbh.de\\\/en\\\/\",\"name\":\"Thierry Pr\u00e4zisionslackiertechnik GmbH Germany\",\"description\":\"Your professional partner for Master Sample Management, Color Standards, Test Agents and Equipment, Precision Color Cards, Painting Technology &amp; Measurements.\",\"potentialAction\":[{\"@type\":\"SearchAction\",\"target\":{\"@type\":\"EntryPoint\",\"urlTemplate\":\"https:\\\/\\\/thierry-gmbh.de\\\/en\\\/?s={search_term_string}\"},\"query-input\":{\"@type\":\"PropertyValueSpecification\",\"valueRequired\":true,\"valueName\":\"search_term_string\"}}],\"inLanguage\":\"en-US\"}]}<\/script>\n<!-- \/ Yoast SEO Premium plugin. -->","yoast_head_json":{"title":"bar coater 4 \u00b5m | made of stainless steel | film width 200 mm | Thierry GmbH","description":"bar coater 4 \u00b5m | 78,00 \u20ac | made of stainless steel | film width 200 mm | Including manufacturer's test certificate and 1 year warranty | Thierry GmbH","robots":{"index":"index","follow":"follow","max-snippet":"max-snippet:-1","max-image-preview":"max-image-preview:large","max-video-preview":"max-video-preview:-1"},"canonical":"https:\/\/thierry-gmbh.de\/en\/pruefgeraete\/film-application\/bar-coaters\/pg-032-200004\/","og_locale":"en_US","og_type":"article","og_title":"PG-200\/4","og_description":"bar coater 4 \u00b5m | 78,00 \u20ac | made of stainless steel | film width 200 mm | Including manufacturer's test certificate and 1 year warranty | Thierry GmbH","og_url":"https:\/\/thierry-gmbh.de\/en\/pruefgeraete\/film-application\/bar-coaters\/pg-032-200004\/","og_site_name":"Thierry Pr\u00e4zisionslackiertechnik GmbH Germany","article_modified_time":"2025-04-22T13:13:20+00:00","twitter_card":"summary_large_image","twitter_misc":{"Est. reading time":"3 minutes"},"schema":{"@context":"https:\/\/schema.org","@graph":[{"@type":"WebPage","@id":"https:\/\/thierry-gmbh.de\/en\/pruefgeraete\/film-application\/bar-coaters\/pg-032-200004\/","url":"https:\/\/thierry-gmbh.de\/en\/pruefgeraete\/film-application\/bar-coaters\/pg-032-200004\/","name":"bar coater 4 \u00b5m | made of stainless steel | film width 200 mm | Thierry GmbH","isPartOf":{"@id":"https:\/\/thierry-gmbh.de\/en\/#website"},"datePublished":"2018-06-22T16:20:02+00:00","dateModified":"2025-04-22T13:13:20+00:00","description":"bar coater 4 \u00b5m | 78,00 \u20ac | made of stainless steel | film width 200 mm | Including manufacturer's test certificate and 1 year warranty | Thierry GmbH","breadcrumb":{"@id":"https:\/\/thierry-gmbh.de\/en\/pruefgeraete\/film-application\/bar-coaters\/pg-032-200004\/#breadcrumb"},"inLanguage":"en-US","potentialAction":[{"@type":"ReadAction","target":["https:\/\/thierry-gmbh.de\/en\/pruefgeraete\/film-application\/bar-coaters\/pg-032-200004\/"]}]},{"@type":"BreadcrumbList","@id":"https:\/\/thierry-gmbh.de\/en\/pruefgeraete\/film-application\/bar-coaters\/pg-032-200004\/#breadcrumb","itemListElement":[{"@type":"ListItem","position":1,"name":"Startseite","item":"https:\/\/thierry-gmbh.de\/en\/"},{"@type":"ListItem","position":2,"name":"Testing Instruments","item":"https:\/\/thierry-gmbh.de\/en\/pruefgeraete\/"},{"@type":"ListItem","position":3,"name":"Film Application","item":"https:\/\/thierry-gmbh.de\/en\/pruefgeraete\/film-application\/"},{"@type":"ListItem","position":4,"name":"Bar Coaters","item":"https:\/\/thierry-gmbh.de\/en\/pruefgeraete\/film-application\/bar-coaters\/"},{"@type":"ListItem","position":5,"name":"PG-200\/4"}]},{"@type":"WebSite","@id":"https:\/\/thierry-gmbh.de\/en\/#website","url":"https:\/\/thierry-gmbh.de\/en\/","name":"Thierry Pr\u00e4zisionslackiertechnik GmbH Germany","description":"Your professional partner for Master Sample Management, Color Standards, Test Agents and Equipment, Precision Color Cards, Painting Technology &amp; Measurements.","potentialAction":[{"@type":"SearchAction","target":{"@type":"EntryPoint","urlTemplate":"https:\/\/thierry-gmbh.de\/en\/?s={search_term_string}"},"query-input":{"@type":"PropertyValueSpecification","valueRequired":true,"valueName":"search_term_string"}}],"inLanguage":"en-US"}]}},"_links":{"self":[{"href":"https:\/\/thierry-gmbh.de\/en\/wp-json\/wp\/v2\/pages\/24441","targetHints":{"allow":["GET"]}}],"collection":[{"href":"https:\/\/thierry-gmbh.de\/en\/wp-json\/wp\/v2\/pages"}],"about":[{"href":"https:\/\/thierry-gmbh.de\/en\/wp-json\/wp\/v2\/types\/page"}],"author":[{"embeddable":true,"href":"https:\/\/thierry-gmbh.de\/en\/wp-json\/wp\/v2\/users\/8"}],"replies":[{"embeddable":true,"href":"https:\/\/thierry-gmbh.de\/en\/wp-json\/wp\/v2\/comments?post=24441"}],"version-history":[{"count":0,"href":"https:\/\/thierry-gmbh.de\/en\/wp-json\/wp\/v2\/pages\/24441\/revisions"}],"up":[{"embeddable":true,"href":"https:\/\/thierry-gmbh.de\/en\/wp-json\/wp\/v2\/pages\/25379"}],"wp:attachment":[{"href":"https:\/\/thierry-gmbh.de\/en\/wp-json\/wp\/v2\/media?parent=24441"}],"curies":[{"name":"wp","href":"https:\/\/api.w.org\/{rel}","templated":true}]}}