{"id":22032,"date":"2017-12-11T21:50:10","date_gmt":"2017-12-11T20:50:10","guid":{"rendered":"https:\/\/www.thierry-gmbh.de\/en\/?page_id=22032"},"modified":"2025-02-12T16:58:41","modified_gmt":"2025-02-12T15:58:41","slug":"wet-abrasion-scrub-tester","status":"publish","type":"page","link":"https:\/\/thierry-gmbh.de\/en\/pruefgeraete\/wet-abrasion-scrub-tester\/","title":{"rendered":"Wet Abrasion Scrub Tester"},"content":{"rendered":"<div class=\"wpb-content-wrapper\"><p>[vc_row row_type=&#8221;row&#8221; use_row_as_full_screen_section=&#8221;no&#8221; type=&#8221;grid&#8221; angled_section=&#8221;no&#8221; text_align=&#8221;left&#8221; background_image_as_pattern=&#8221;without_pattern&#8221; padding_top=&#8221;0&#8243; padding_bottom=&#8221;50&#8243; css_animation=&#8221;&#8221;][vc_column width=&#8221;1\/4&#8243;][vc_separator type=&#8221;transparent&#8221; up=&#8221;20&#8243; down=&#8221;20&#8243;][vc_widget_sidebar sidebar_id=&#8221;PG: Contact&#8221;][vc_separator type=&#8221;transparent&#8221; up=&#8221;20&#8243; down=&#8221;20&#8243;][vc_widget_sidebar sidebar_id=&#8221;PG: Menu \/ Wet Abrasion Scrub Tester&#8221;][vc_separator type=&#8221;transparent&#8221; up=&#8221;20&#8243; down=&#8221;20&#8243;][\/vc_column][vc_column width=&#8221;5\/12&#8243; el_class=&#8221;blue-button-area&#8221;][vc_separator type=&#8221;transparent&#8221; up=&#8221;15&#8243; down=&#8221;15&#8243;][vc_row_inner row_type=&#8221;row&#8221; type=&#8221;full_width&#8221; text_align=&#8221;left&#8221; css_animation=&#8221;&#8221;][vc_column_inner width=&#8221;1\/3&#8243; css=&#8221;.vc_custom_1513106939535{padding-bottom: 20px !important;}&#8221;][vc_single_image image=&#8221;31129&#8243; img_size=&#8221;full&#8221; onclick=&#8221;link_image&#8221; qode_css_animation=&#8221;&#8221;][\/vc_column_inner][vc_column_inner width=&#8221;2\/3&#8243;][vc_column_text]<span style=\"color: #e30513;\"><strong>PG-2806<br \/>\n<\/strong><\/span>Wet Abrasion Scrub Tester (4 lanes)<\/p>\n<p><strong>5,960.00 \u20ac<\/strong> | <a class=\"product-link\" href=\"https:\/\/thierry-gmbh.de\/en\/pruefgeraete\/wet-abrasion-scrub-tester\/pg-044-01\/\">View Product<\/a>[\/vc_column_text][\/vc_column_inner][\/vc_row_inner][vc_empty_space][vc_row_inner row_type=&#8221;row&#8221; type=&#8221;full_width&#8221; text_align=&#8221;left&#8221; css_animation=&#8221;&#8221;][vc_column_inner width=&#8221;1\/3&#8243; css=&#8221;.vc_custom_1513106939535{padding-bottom: 20px !important;}&#8221;][vc_single_image image=&#8221;23086&#8243; img_size=&#8221;full&#8221; onclick=&#8221;link_image&#8221; qode_css_animation=&#8221;&#8221;][\/vc_column_inner][vc_column_inner width=&#8221;2\/3&#8243;][vc_column_text]<span style=\"color: #e30513;\"><strong>PG-2805<br \/>\n<\/strong><\/span>Wet Abrasion Scrub Tester (2 lanes)<\/p>\n<p><strong>4,520.00 \u20ac<\/strong> | <a class=\"product-link\" href=\"https:\/\/thierry-gmbh.de\/en\/pruefgeraete\/wet-abrasion-scrub-tester\/pg-044\/\">View Product<\/a>[\/vc_column_text][\/vc_column_inner][\/vc_row_inner][vc_empty_space][vc_row_inner row_type=&#8221;row&#8221; type=&#8221;full_width&#8221; text_align=&#8221;left&#8221; css_animation=&#8221;&#8221;][vc_column_inner width=&#8221;1\/3&#8243; css=&#8221;.vc_custom_1513106939535{padding-bottom: 20px !important;}&#8221;][vc_single_image image=&#8221;23081&#8243; img_size=&#8221;full&#8221; onclick=&#8221;link_image&#8221; qode_css_animation=&#8221;&#8221;][\/vc_column_inner][vc_column_inner width=&#8221;2\/3&#8243;][vc_column_text]<span style=\"color: #e30513;\"><strong>PG-2805\/1 \/P<\/strong><\/span><\/p>\n<p>Brush according\u00a0DIN 53778<\/p>\n<p>2 brushes<\/p>\n<p>Weight each brush: 250 g<\/p>\n<p><strong>401.00 \u20ac<\/strong>[\/vc_column_text][\/vc_column_inner][\/vc_row_inner][vc_empty_space][vc_row_inner row_type=&#8221;row&#8221; type=&#8221;full_width&#8221; text_align=&#8221;left&#8221; css_animation=&#8221;&#8221;][vc_column_inner width=&#8221;1\/3&#8243; css=&#8221;.vc_custom_1513106939535{padding-bottom: 20px !important;}&#8221;][vc_single_image image=&#8221;23079&#8243; img_size=&#8221;full&#8221; onclick=&#8221;link_image&#8221; qode_css_animation=&#8221;&#8221;][\/vc_column_inner][vc_column_inner width=&#8221;2\/3&#8243;][vc_column_text]<strong><span style=\"color: #ff0000;\">PG-2805\/2\/P<\/span><br \/>\n<\/strong>Brush according ASTM D2486<\/p>\n<p>2 brushes<\/p>\n<p>Weight each brush: 454 g<\/p>\n<p><strong>434.00 \u20ac<\/strong>[\/vc_column_text][\/vc_column_inner][\/vc_row_inner][vc_empty_space][vc_row_inner row_type=&#8221;row&#8221; type=&#8221;full_width&#8221; text_align=&#8221;left&#8221; css_animation=&#8221;&#8221;][vc_column_inner width=&#8221;1\/3&#8243; css=&#8221;.vc_custom_1513106939535{padding-bottom: 20px !important;}&#8221;][vc_single_image image=&#8221;23080&#8243; img_size=&#8221;full&#8221; onclick=&#8221;link_image&#8221; qode_css_animation=&#8221;&#8221;][\/vc_column_inner][vc_column_inner width=&#8221;2\/3&#8243;][vc_column_text]<strong><span style=\"color: #ff0000;\"><span data-sheets-value=\"{&quot;1&quot;:2,&quot;2&quot;:&quot;PG-2805\/3 \/P&quot;}\" data-sheets-userformat=\"{&quot;2&quot;:13309,&quot;3&quot;:{&quot;1&quot;:0},&quot;5&quot;:{&quot;1&quot;:[{&quot;1&quot;:2,&quot;2&quot;:0,&quot;5&quot;:{&quot;1&quot;:2,&quot;2&quot;:0}},{&quot;1&quot;:0,&quot;2&quot;:0,&quot;3&quot;:3},{&quot;1&quot;:1,&quot;2&quot;:0,&quot;4&quot;:1}]},&quot;6&quot;:{&quot;1&quot;:[{&quot;1&quot;:2,&quot;2&quot;:0,&quot;5&quot;:{&quot;1&quot;:2,&quot;2&quot;:0}},{&quot;1&quot;:0,&quot;2&quot;:0,&quot;3&quot;:3},{&quot;1&quot;:1,&quot;2&quot;:0,&quot;4&quot;:1}]},&quot;7&quot;:{&quot;1&quot;:[{&quot;1&quot;:2,&quot;2&quot;:0,&quot;5&quot;:{&quot;1&quot;:2,&quot;2&quot;:0}},{&quot;1&quot;:0,&quot;2&quot;:0,&quot;3&quot;:3},{&quot;1&quot;:1,&quot;2&quot;:0,&quot;4&quot;:1}]},&quot;8&quot;:{&quot;1&quot;:[{&quot;1&quot;:2,&quot;2&quot;:0,&quot;5&quot;:{&quot;1&quot;:2,&quot;2&quot;:0}},{&quot;1&quot;:0,&quot;2&quot;:0,&quot;3&quot;:3},{&quot;1&quot;:1,&quot;2&quot;:0,&quot;4&quot;:1}]},&quot;9&quot;:1,&quot;10&quot;:1,&quot;11&quot;:2,&quot;12&quot;:0,&quot;15&quot;:&quot;Calibri&quot;,&quot;16&quot;:10}\">PG-2805\/3 \/P<\/span><\/span><br \/>\n<\/strong><\/p>\n<p>Brush according\u00a0ASTM D3450<\/p>\n<p>2 brushes<\/p>\n<p>Weight each brush: 750 g<\/p>\n<p><strong>398.00 \u20ac<\/strong>[\/vc_column_text][\/vc_column_inner][\/vc_row_inner][vc_empty_space][vc_row_inner row_type=&#8221;row&#8221; type=&#8221;full_width&#8221; text_align=&#8221;left&#8221; css_animation=&#8221;&#8221;][vc_column_inner width=&#8221;1\/3&#8243; css=&#8221;.vc_custom_1513106939535{padding-bottom: 20px !important;}&#8221;][vc_single_image image=&#8221;23082&#8243; img_size=&#8221;full&#8221; onclick=&#8221;link_image&#8221; qode_css_animation=&#8221;&#8221;][\/vc_column_inner][vc_column_inner width=&#8221;2\/3&#8243;][vc_column_text]<span style=\"color: #ff0000;\"><strong>PG-2805\/6 \/P<\/strong><\/span><\/p>\n<p>Brush according\u00a0ISO 11998\u00a0<strong><br \/>\n<\/strong>2 brushes<\/p>\n<p>Weight each brush: 135 g<\/p>\n<p><strong>338.00 \u20ac<\/strong>[\/vc_column_text][\/vc_column_inner][\/vc_row_inner][vc_empty_space][vc_row_inner row_type=&#8221;row&#8221; type=&#8221;full_width&#8221; text_align=&#8221;left&#8221; css_animation=&#8221;&#8221;][vc_column_inner width=&#8221;1\/3&#8243; css=&#8221;.vc_custom_1513106939535{padding-bottom: 20px !important;}&#8221;][vc_single_image image=&#8221;28547&#8243; img_size=&#8221;full&#8221; onclick=&#8221;link_image&#8221; qode_css_animation=&#8221;&#8221;][\/vc_column_inner][vc_column_inner width=&#8221;2\/3&#8243;][vc_column_text]<span style=\"color: #ff0000;\"><strong>PG-044-6<\/strong><\/span><\/p>\n<p>Brush pads acc. ISO 11998<\/p>\n<p>1 pack contains 10 brush pads<\/p>\n<p><strong>10.00 \u20ac<\/strong>[\/vc_column_text][\/vc_column_inner][\/vc_row_inner][vc_empty_space][vc_row_inner row_type=&#8221;row&#8221; type=&#8221;full_width&#8221; text_align=&#8221;left&#8221; css_animation=&#8221;&#8221;][vc_column_inner width=&#8221;1\/3&#8243; css=&#8221;.vc_custom_1513106939535{padding-bottom: 20px !important;}&#8221;][vc_single_image image=&#8221;28360&#8243; img_size=&#8221;full&#8221; onclick=&#8221;link_image&#8221; qode_css_animation=&#8221;&#8221;][\/vc_column_inner][vc_column_inner width=&#8221;2\/3&#8243;][vc_column_text]<span style=\"color: #ff0000;\"><strong>PG-2805\/P\/004<\/strong><\/span><\/p>\n<p>Black Plastic Test Panel<\/p>\n<p>Dimensions: 432 x 165 x 0.25 mm<\/p>\n<p>1 pack contains 100 pieces<\/p>\n<p><strong>196.00 \u20ac<\/strong>[\/vc_column_text][\/vc_column_inner][\/vc_row_inner][vc_empty_space][\/vc_column][vc_column width=&#8221;1\/3&#8243;][vc_separator type=&#8221;transparent&#8221; up=&#8221;15&#8243; down=&#8221;15&#8243;][vc_column_text]<strong>Wet Abrasion Scrub Tester<\/strong><\/p>\n<div class=\"brlbs-cmpnt-container brlbs-cmpnt-content-blocker brlbs-cmpnt-with-individual-styles\" data-borlabs-cookie-content-blocker-id=\"youtube-content-blocker\" data-borlabs-cookie-content=\"PGlmcmFtZSBzcmM9Imh0dHBzOi8vd3d3LnlvdXR1YmUtbm9jb29raWUuY29tL2VtYmVkL0JBeDNyZXNKYk1JIiB3aWR0aD0iMzQ1IiBoZWlnaHQ9IjE5NCIgZnJhbWVib3JkZXI9IjAiIGFsbG93ZnVsbHNjcmVlbj0iYWxsb3dmdWxsc2NyZWVuIj48L2lmcmFtZT4=\">\n<div class=\"brlbs-cmpnt-cb-preset-c brlbs-cmpnt-cb-youtube\">\n<div class=\"brlbs-cmpnt-cb-thumbnail\" style=\"background-image: url('https:\/\/thierry-gmbh.de\/wp-content\/uploads\/borlabs-cookie\/1\/yt_BAx3resJbMI_hqdefault.jpg')\"><\/div>\n<div class=\"brlbs-cmpnt-cb-main\">\n<div class=\"brlbs-cmpnt-cb-play-button\"><\/div>\n<div class=\"brlbs-cmpnt-cb-content\">\n<p class=\"brlbs-cmpnt-cb-description\">You are currently viewing a placeholder content from <strong>YouTube<\/strong>. To access the actual content, click the button below. Please note that doing so will share data with third-party providers.<\/p>\n<p> <a class=\"brlbs-cmpnt-cb-provider-toggle\" href=\"#\" data-borlabs-cookie-show-provider-information role=\"button\">More Information<\/a> <\/div>\n<div class=\"brlbs-cmpnt-cb-buttons\"> <a class=\"brlbs-cmpnt-cb-btn\" href=\"#\" data-borlabs-cookie-unblock role=\"button\">Unblock content<\/a> <a class=\"brlbs-cmpnt-cb-btn\" href=\"#\" data-borlabs-cookie-accept-service role=\"button\" style=\"display: inherit\">Accept required service and unblock content<\/a> <\/div><\/div><\/div>\n<\/div>\n<p>[\/vc_column_text][\/vc_column][\/vc_row][vc_row row_type=&#8221;row&#8221; use_row_as_full_screen_section=&#8221;no&#8221; type=&#8221;full_width&#8221; angled_section=&#8221;no&#8221; text_align=&#8221;left&#8221; background_image_as_pattern=&#8221;without_pattern&#8221; css_animation=&#8221;&#8221;][vc_column offset=&#8221;vc_hidden-xs&#8221;][vc_separator type=&#8221;transparent&#8221; up=&#8221;50&#8243;][\/vc_column][\/vc_row][vc_row row_type=&#8221;row&#8221; use_row_as_full_screen_section=&#8221;no&#8221; type=&#8221;full_width&#8221; angled_section=&#8221;no&#8221; text_align=&#8221;left&#8221; background_image_as_pattern=&#8221;without_pattern&#8221; css_animation=&#8221;&#8221;][vc_column offset=&#8221;vc_hidden-xs&#8221;][vc_separator type=&#8221;normal&#8221; color=&#8221;#e0e0e0&#8243; thickness=&#8221;1&#8243;][\/vc_column][\/vc_row][vc_row row_type=&#8221;row&#8221; use_row_as_full_screen_section=&#8221;no&#8221; type=&#8221;grid&#8221; angled_section=&#8221;no&#8221; text_align=&#8221;left&#8221; background_image_as_pattern=&#8221;without_pattern&#8221; padding_top=&#8221;50&#8243; padding_bottom=&#8221;50&#8243; css_animation=&#8221;&#8221;][vc_column offset=&#8221;vc_hidden-xs&#8221;][vc_row_inner row_type=&#8221;row&#8221; type=&#8221;full_width&#8221; text_align=&#8221;left&#8221; css_animation=&#8221;&#8221;][vc_column_inner width=&#8221;1\/3&#8243;]<div class='q_icon_with_title tiny normal_icon'><div class=\"icon_holder q_icon_animation\" style=\" transition-delay: 150ms; -webkit-transition-delay: 150ms; -moz-transition-delay: 150ms; -o-transition-delay: 150ms;\"><span data-icon-type=\"normal\"   style=\"font-size: 20px;\" class=\"qode_iwt_icon_holder q_font_awsome_icon fa-lg \"><i class=\"qode_icon_font_awesome fa fa-stop qode_iwt_icon_element\" style=\"color: #e30513;\" ><\/i><\/span><\/div><div class=\"icon_text_holder\" style=\"padding-left:45px;\"><div class=\"icon_text_inner\" style=\"\"><h5 class=\"icon_title\" style=\"\">Unser Online-Shop<\/h5><p style=''>Ihr Sofort-Zugriff auf unser gesamtes Produktspektrum, von Urmustern \u00fcber Corporate Color Cards bis hin zu unseren Pr\u00fcfmitteln.<\/p><a itemprop='url' class='icon_with_title_link' href='https:\/\/store.thierry-corp.com\/store\/' target='_blank' style=''>Anmelden.<\/a><\/div><\/div><\/div>[\/vc_column_inner][vc_column_inner width=&#8221;1\/3&#8243;]<div class='q_icon_with_title tiny normal_icon'><div class=\"icon_holder q_icon_animation\" style=\" transition-delay: 150ms; -webkit-transition-delay: 150ms; -moz-transition-delay: 150ms; -o-transition-delay: 150ms;\"><span data-icon-type=\"normal\"   style=\"font-size: 20px;\" class=\"qode_iwt_icon_holder q_font_awsome_icon fa-lg \"><i class=\"qode_icon_font_awesome fa fa-stop qode_iwt_icon_element\" style=\"color: #203a8f;\" ><\/i><\/span><\/div><div class=\"icon_text_holder\" style=\"padding-left:45px;\"><div class=\"icon_text_inner\" style=\"\"><h5 class=\"icon_title\" style=\"\">Unsere Referenzen<\/h5><p style=''>Namhafte Unternehmen aus den unterschiedlichsten Branchen vertrauen auf uns und unser Leistungsspektrum \u2013 zum Teil bereits seit 20 Jahren.<\/p><a itemprop='url' class='icon_with_title_link' href='https:\/\/www.thierry-gmbh.de\/ueber-uns\/#referenzen' target='_self' style=''>Ansehen.<\/a><\/div><\/div><\/div>[\/vc_column_inner][vc_column_inner width=&#8221;1\/3&#8243;]<div class='q_icon_with_title tiny normal_icon'><div class=\"icon_holder q_icon_animation\" style=\" transition-delay: 150ms; -webkit-transition-delay: 150ms; -moz-transition-delay: 150ms; -o-transition-delay: 150ms;\"><span data-icon-type=\"normal\"   style=\"font-size: 20px;\" class=\"qode_iwt_icon_holder q_font_awsome_icon fa-lg \"><i class=\"qode_icon_font_awesome fa fa-stop qode_iwt_icon_element\" style=\"color: #bababa;\" ><\/i><\/span><\/div><div class=\"icon_text_holder\" style=\"padding-left:45px;\"><div class=\"icon_text_inner\" style=\"\"><h5 class=\"icon_title\" style=\"\">Unser Download-Service<\/h5><p style=''>Sicherheitsdatenbl\u00e4tter f\u00fcr Pr\u00fcfmittel, technische Datenbl\u00e4tter f\u00fcr Substrate, Informationen zu den Pr\u00fcfger\u00e4ten, ISO-Zertifikate und mehr.<\/p><a itemprop='url' class='icon_with_title_link' href='https:\/\/www.thierry-gmbh.de\/downloads\/' target='_self' style=''>Umschauen.<\/a><\/div><\/div><\/div>[\/vc_column_inner][\/vc_row_inner][\/vc_column][\/vc_row]<\/p>\n<\/div>","protected":false},"excerpt":{"rendered":"<p>[vc_row row_type=&#8221;row&#8221; use_row_as_full_screen_section=&#8221;no&#8221; type=&#8221;grid&#8221; angled_section=&#8221;no&#8221; text_align=&#8221;left&#8221; background_image_as_pattern=&#8221;without_pattern&#8221; padding_top=&#8221;0&#8243; padding_bottom=&#8221;50&#8243; css_animation=&#8221;&#8221;][vc_column width=&#8221;1\/4&#8243;][vc_separator type=&#8221;transparent&#8221; up=&#8221;20&#8243; down=&#8221;20&#8243;][vc_widget_sidebar sidebar_id=&#8221;PG: Contact&#8221;][vc_separator type=&#8221;transparent&#8221; up=&#8221;20&#8243; down=&#8221;20&#8243;][vc_widget_sidebar sidebar_id=&#8221;PG: Menu \/ Wet Abrasion Scrub Tester&#8221;][vc_separator type=&#8221;transparent&#8221; up=&#8221;20&#8243; down=&#8221;20&#8243;][\/vc_column][vc_column width=&#8221;5\/12&#8243; el_class=&#8221;blue-button-area&#8221;][vc_separator type=&#8221;transparent&#8221; up=&#8221;15&#8243; down=&#8221;15&#8243;][vc_row_inner row_type=&#8221;row&#8221; type=&#8221;full_width&#8221; text_align=&#8221;left&#8221; css_animation=&#8221;&#8221;][vc_column_inner width=&#8221;1\/3&#8243; css=&#8221;.vc_custom_1513106939535{padding-bottom: 20px !important;}&#8221;][vc_single_image image=&#8221;31129&#8243; img_size=&#8221;full&#8221; onclick=&#8221;link_image&#8221; qode_css_animation=&#8221;&#8221;][\/vc_column_inner][vc_column_inner width=&#8221;2\/3&#8243;][vc_column_text]PG-2806 Wet Abrasion Scrub Tester (4 lanes) 5,960.00 \u20ac | View Product[\/vc_column_text][\/vc_column_inner][\/vc_row_inner][vc_empty_space][vc_row_inner row_type=&#8221;row&#8221; type=&#8221;full_width&#8221;&#8230;<\/p>\n","protected":false},"author":8,"featured_media":0,"parent":18592,"menu_order":37,"comment_status":"open","ping_status":"open","template":"full_width.php","meta":{"footnotes":""},"class_list":["post-22032","page","type-page","status-publish","hentry"],"yoast_head":"<!-- This site is optimized with the Yoast SEO Premium plugin v27.2 (Yoast SEO v27.3) - https:\/\/yoast.com\/product\/yoast-seo-premium-wordpress\/ -->\n<title>Wet Abrasion Scrub Tester - Thierry Pr\u00e4zisionslackiertechnik GmbH Germany<\/title>\n<meta name=\"robots\" content=\"index, follow, max-snippet:-1, max-image-preview:large, max-video-preview:-1\" \/>\n<link rel=\"canonical\" href=\"https:\/\/thierry-gmbh.de\/en\/pruefgeraete\/wet-abrasion-scrub-tester\/\" \/>\n<meta property=\"og:locale\" content=\"en_US\" \/>\n<meta property=\"og:type\" content=\"article\" \/>\n<meta property=\"og:title\" content=\"Wet Abrasion Scrub Tester\" \/>\n<meta property=\"og:description\" content=\"[vc_row row_type=&#8221;row&#8221; use_row_as_full_screen_section=&#8221;no&#8221; type=&#8221;grid&#8221; angled_section=&#8221;no&#8221; text_align=&#8221;left&#8221; background_image_as_pattern=&#8221;without_pattern&#8221; padding_top=&#8221;0&#8243; padding_bottom=&#8221;50&#8243; css_animation=&#8221;&#8221;][vc_column width=&#8221;1\/4&#8243;][vc_separator type=&#8221;transparent&#8221; up=&#8221;20&#8243; down=&#8221;20&#8243;][vc_widget_sidebar sidebar_id=&#8221;PG: Contact&#8221;][vc_separator type=&#8221;transparent&#8221; up=&#8221;20&#8243; down=&#8221;20&#8243;][vc_widget_sidebar sidebar_id=&#8221;PG: Menu \/ Wet Abrasion Scrub Tester&#8221;][vc_separator type=&#8221;transparent&#8221; up=&#8221;20&#8243; down=&#8221;20&#8243;][\/vc_column][vc_column width=&#8221;5\/12&#8243; el_class=&#8221;blue-button-area&#8221;][vc_separator type=&#8221;transparent&#8221; up=&#8221;15&#8243; down=&#8221;15&#8243;][vc_row_inner row_type=&#8221;row&#8221; type=&#8221;full_width&#8221; text_align=&#8221;left&#8221; css_animation=&#8221;&#8221;][vc_column_inner width=&#8221;1\/3&#8243; css=&#8221;.vc_custom_1513106939535{padding-bottom: 20px !important;}&#8221;][vc_single_image image=&#8221;31129&#8243; img_size=&#8221;full&#8221; onclick=&#8221;link_image&#8221; qode_css_animation=&#8221;&#8221;][\/vc_column_inner][vc_column_inner width=&#8221;2\/3&#8243;][vc_column_text]PG-2806 Wet Abrasion Scrub Tester (4 lanes) 5,960.00 \u20ac | View Product[\/vc_column_text][\/vc_column_inner][\/vc_row_inner][vc_empty_space][vc_row_inner row_type=&#8221;row&#8221; type=&#8221;full_width&#8221;...\" \/>\n<meta property=\"og:url\" content=\"https:\/\/thierry-gmbh.de\/en\/pruefgeraete\/wet-abrasion-scrub-tester\/\" \/>\n<meta property=\"og:site_name\" content=\"Thierry Pr\u00e4zisionslackiertechnik GmbH Germany\" \/>\n<meta property=\"article:modified_time\" content=\"2025-02-12T15:58:41+00:00\" \/>\n<meta name=\"twitter:card\" content=\"summary_large_image\" \/>\n<meta name=\"twitter:label1\" content=\"Est. reading time\" \/>\n\t<meta name=\"twitter:data1\" content=\"4 minutes\" \/>\n<script type=\"application\/ld+json\" class=\"yoast-schema-graph\">{\"@context\":\"https:\\\/\\\/schema.org\",\"@graph\":[{\"@type\":\"WebPage\",\"@id\":\"https:\\\/\\\/thierry-gmbh.de\\\/en\\\/pruefgeraete\\\/wet-abrasion-scrub-tester\\\/\",\"url\":\"https:\\\/\\\/thierry-gmbh.de\\\/en\\\/pruefgeraete\\\/wet-abrasion-scrub-tester\\\/\",\"name\":\"Wet Abrasion Scrub Tester - Thierry Pr\u00e4zisionslackiertechnik GmbH Germany\",\"isPartOf\":{\"@id\":\"https:\\\/\\\/thierry-gmbh.de\\\/en\\\/#website\"},\"datePublished\":\"2017-12-11T20:50:10+00:00\",\"dateModified\":\"2025-02-12T15:58:41+00:00\",\"breadcrumb\":{\"@id\":\"https:\\\/\\\/thierry-gmbh.de\\\/en\\\/pruefgeraete\\\/wet-abrasion-scrub-tester\\\/#breadcrumb\"},\"inLanguage\":\"en-US\",\"potentialAction\":[{\"@type\":\"ReadAction\",\"target\":[\"https:\\\/\\\/thierry-gmbh.de\\\/en\\\/pruefgeraete\\\/wet-abrasion-scrub-tester\\\/\"]}]},{\"@type\":\"BreadcrumbList\",\"@id\":\"https:\\\/\\\/thierry-gmbh.de\\\/en\\\/pruefgeraete\\\/wet-abrasion-scrub-tester\\\/#breadcrumb\",\"itemListElement\":[{\"@type\":\"ListItem\",\"position\":1,\"name\":\"Startseite\",\"item\":\"https:\\\/\\\/thierry-gmbh.de\\\/en\\\/\"},{\"@type\":\"ListItem\",\"position\":2,\"name\":\"Testing Instruments\",\"item\":\"https:\\\/\\\/thierry-gmbh.de\\\/en\\\/pruefgeraete\\\/\"},{\"@type\":\"ListItem\",\"position\":3,\"name\":\"Wet Abrasion Scrub Tester\"}]},{\"@type\":\"WebSite\",\"@id\":\"https:\\\/\\\/thierry-gmbh.de\\\/en\\\/#website\",\"url\":\"https:\\\/\\\/thierry-gmbh.de\\\/en\\\/\",\"name\":\"Thierry Pr\u00e4zisionslackiertechnik GmbH Germany\",\"description\":\"Your professional partner for Master Sample Management, Color Standards, Test Agents and Equipment, Precision Color Cards, Painting Technology &amp; Measurements.\",\"potentialAction\":[{\"@type\":\"SearchAction\",\"target\":{\"@type\":\"EntryPoint\",\"urlTemplate\":\"https:\\\/\\\/thierry-gmbh.de\\\/en\\\/?s={search_term_string}\"},\"query-input\":{\"@type\":\"PropertyValueSpecification\",\"valueRequired\":true,\"valueName\":\"search_term_string\"}}],\"inLanguage\":\"en-US\"}]}<\/script>\n<!-- \/ Yoast SEO Premium plugin. -->","yoast_head_json":{"title":"Wet Abrasion Scrub Tester - Thierry Pr\u00e4zisionslackiertechnik GmbH Germany","robots":{"index":"index","follow":"follow","max-snippet":"max-snippet:-1","max-image-preview":"max-image-preview:large","max-video-preview":"max-video-preview:-1"},"canonical":"https:\/\/thierry-gmbh.de\/en\/pruefgeraete\/wet-abrasion-scrub-tester\/","og_locale":"en_US","og_type":"article","og_title":"Wet Abrasion Scrub Tester","og_description":"[vc_row row_type=&#8221;row&#8221; use_row_as_full_screen_section=&#8221;no&#8221; type=&#8221;grid&#8221; angled_section=&#8221;no&#8221; text_align=&#8221;left&#8221; background_image_as_pattern=&#8221;without_pattern&#8221; padding_top=&#8221;0&#8243; padding_bottom=&#8221;50&#8243; css_animation=&#8221;&#8221;][vc_column width=&#8221;1\/4&#8243;][vc_separator type=&#8221;transparent&#8221; up=&#8221;20&#8243; down=&#8221;20&#8243;][vc_widget_sidebar sidebar_id=&#8221;PG: Contact&#8221;][vc_separator type=&#8221;transparent&#8221; up=&#8221;20&#8243; down=&#8221;20&#8243;][vc_widget_sidebar sidebar_id=&#8221;PG: Menu \/ Wet Abrasion Scrub Tester&#8221;][vc_separator type=&#8221;transparent&#8221; up=&#8221;20&#8243; down=&#8221;20&#8243;][\/vc_column][vc_column width=&#8221;5\/12&#8243; el_class=&#8221;blue-button-area&#8221;][vc_separator type=&#8221;transparent&#8221; up=&#8221;15&#8243; down=&#8221;15&#8243;][vc_row_inner row_type=&#8221;row&#8221; type=&#8221;full_width&#8221; text_align=&#8221;left&#8221; css_animation=&#8221;&#8221;][vc_column_inner width=&#8221;1\/3&#8243; css=&#8221;.vc_custom_1513106939535{padding-bottom: 20px !important;}&#8221;][vc_single_image image=&#8221;31129&#8243; img_size=&#8221;full&#8221; onclick=&#8221;link_image&#8221; qode_css_animation=&#8221;&#8221;][\/vc_column_inner][vc_column_inner width=&#8221;2\/3&#8243;][vc_column_text]PG-2806 Wet Abrasion Scrub Tester (4 lanes) 5,960.00 \u20ac | View Product[\/vc_column_text][\/vc_column_inner][\/vc_row_inner][vc_empty_space][vc_row_inner row_type=&#8221;row&#8221; type=&#8221;full_width&#8221;...","og_url":"https:\/\/thierry-gmbh.de\/en\/pruefgeraete\/wet-abrasion-scrub-tester\/","og_site_name":"Thierry Pr\u00e4zisionslackiertechnik GmbH Germany","article_modified_time":"2025-02-12T15:58:41+00:00","twitter_card":"summary_large_image","twitter_misc":{"Est. reading time":"4 minutes"},"schema":{"@context":"https:\/\/schema.org","@graph":[{"@type":"WebPage","@id":"https:\/\/thierry-gmbh.de\/en\/pruefgeraete\/wet-abrasion-scrub-tester\/","url":"https:\/\/thierry-gmbh.de\/en\/pruefgeraete\/wet-abrasion-scrub-tester\/","name":"Wet Abrasion Scrub Tester - Thierry Pr\u00e4zisionslackiertechnik GmbH Germany","isPartOf":{"@id":"https:\/\/thierry-gmbh.de\/en\/#website"},"datePublished":"2017-12-11T20:50:10+00:00","dateModified":"2025-02-12T15:58:41+00:00","breadcrumb":{"@id":"https:\/\/thierry-gmbh.de\/en\/pruefgeraete\/wet-abrasion-scrub-tester\/#breadcrumb"},"inLanguage":"en-US","potentialAction":[{"@type":"ReadAction","target":["https:\/\/thierry-gmbh.de\/en\/pruefgeraete\/wet-abrasion-scrub-tester\/"]}]},{"@type":"BreadcrumbList","@id":"https:\/\/thierry-gmbh.de\/en\/pruefgeraete\/wet-abrasion-scrub-tester\/#breadcrumb","itemListElement":[{"@type":"ListItem","position":1,"name":"Startseite","item":"https:\/\/thierry-gmbh.de\/en\/"},{"@type":"ListItem","position":2,"name":"Testing Instruments","item":"https:\/\/thierry-gmbh.de\/en\/pruefgeraete\/"},{"@type":"ListItem","position":3,"name":"Wet Abrasion Scrub Tester"}]},{"@type":"WebSite","@id":"https:\/\/thierry-gmbh.de\/en\/#website","url":"https:\/\/thierry-gmbh.de\/en\/","name":"Thierry Pr\u00e4zisionslackiertechnik GmbH Germany","description":"Your professional partner for Master Sample Management, Color Standards, Test Agents and Equipment, Precision Color Cards, Painting Technology &amp; Measurements.","potentialAction":[{"@type":"SearchAction","target":{"@type":"EntryPoint","urlTemplate":"https:\/\/thierry-gmbh.de\/en\/?s={search_term_string}"},"query-input":{"@type":"PropertyValueSpecification","valueRequired":true,"valueName":"search_term_string"}}],"inLanguage":"en-US"}]}},"_links":{"self":[{"href":"https:\/\/thierry-gmbh.de\/en\/wp-json\/wp\/v2\/pages\/22032","targetHints":{"allow":["GET"]}}],"collection":[{"href":"https:\/\/thierry-gmbh.de\/en\/wp-json\/wp\/v2\/pages"}],"about":[{"href":"https:\/\/thierry-gmbh.de\/en\/wp-json\/wp\/v2\/types\/page"}],"author":[{"embeddable":true,"href":"https:\/\/thierry-gmbh.de\/en\/wp-json\/wp\/v2\/users\/8"}],"replies":[{"embeddable":true,"href":"https:\/\/thierry-gmbh.de\/en\/wp-json\/wp\/v2\/comments?post=22032"}],"version-history":[{"count":0,"href":"https:\/\/thierry-gmbh.de\/en\/wp-json\/wp\/v2\/pages\/22032\/revisions"}],"up":[{"embeddable":true,"href":"https:\/\/thierry-gmbh.de\/en\/wp-json\/wp\/v2\/pages\/18592"}],"wp:attachment":[{"href":"https:\/\/thierry-gmbh.de\/en\/wp-json\/wp\/v2\/media?parent=22032"}],"curies":[{"name":"wp","href":"https:\/\/api.w.org\/{rel}","templated":true}]}}