{"id":21223,"date":"2017-10-01T14:29:14","date_gmt":"2017-10-01T12:29:14","guid":{"rendered":"https:\/\/www.thierry-gmbh.de\/en\/pruefgeraete\/haftungsfestigkeit-adhesion\/pg-016-01-copy\/"},"modified":"2025-02-18T14:45:10","modified_gmt":"2025-02-18T13:45:10","slug":"pg-018-02","status":"publish","type":"page","link":"https:\/\/thierry-gmbh.de\/en\/pruefgeraete\/haftungsfestigkeit-adhesion\/pg-018-02\/","title":{"rendered":"PG-2202\/2"},"content":{"rendered":"<div class=\"wpb-content-wrapper\"><p>[vc_row row_type=&#8221;row&#8221; use_row_as_full_screen_section=&#8221;no&#8221; type=&#8221;grid&#8221; angled_section=&#8221;no&#8221; text_align=&#8221;left&#8221; background_image_as_pattern=&#8221;without_pattern&#8221; padding_top=&#8221;0&#8243; padding_bottom=&#8221;50&#8243; css_animation=&#8221;&#8221;][vc_column width=&#8221;1\/4&#8243;][vc_separator type=&#8221;transparent&#8221; up=&#8221;20&#8243; down=&#8221;20&#8243;][vc_widget_sidebar sidebar_id=&#8221;PG: Contact&#8221;][vc_separator type=&#8221;transparent&#8221; up=&#8221;20&#8243; down=&#8221;20&#8243;][vc_widget_sidebar sidebar_id=&#8221;PG: Menu \/ Adhesion&#8221;][vc_separator type=&#8221;transparent&#8221; up=&#8221;20&#8243; down=&#8221;20&#8243;][\/vc_column][vc_column width=&#8221;3\/4&#8243;][vc_separator type=&#8221;transparent&#8221; up=&#8221;15&#8243; down=&#8221;15&#8243;][vc_row_inner row_type=&#8221;row&#8221; type=&#8221;full_width&#8221; text_align=&#8221;left&#8221; css_animation=&#8221;&#8221;][vc_column_inner width=&#8221;5\/12&#8243; css=&#8221;.vc_custom_1490601898619{padding-bottom: 20px !important;}&#8221;][vc_gallery interval=&#8221;3&#8243; images=&#8221;29922,27925,21148,21174&#8243; img_size=&#8221;full&#8221;][\/vc_column_inner][vc_column_inner width=&#8221;7\/12&#8243;][vc_widget_sidebar sidebar_id=&#8221;PG: Article Header&#8221;]<div class=\"custom_font_holder\" style=\" font-size: 20px; line-height: 26px; font-style: normal; font-weight: 300; text-decoration: none; text-align: left;\">220.00 \u20ac<\/div>[vc_column_text]<strong>Crosshatch Cutter<\/strong><\/p>\n<p>&nbsp;<\/p>\n<p><strong>Description:<br \/>\n<\/strong>Cutting Head for Crosshatch Cutter according to DIN EN ISO 2409<br \/>\nGap: 1 mm<\/p>\n<p>Blades: 11<\/p>\n<p>Cutting Edges: 8<\/p>\n<p><span lang=\"EN-US\">Squares after cross cut<strong>: <\/strong>100<\/span><\/p>\n<p>Used for coating thicknesses between: 0~60 \u00b5m<\/p>\n<p>&nbsp;<\/p>\n<p><strong>Feature:<\/strong><\/p>\n<p>The cross-cut tester has 8 cutting edges, which means that it has an 8x longer life than a conventional cross-cut tester with only one cutting edge<br \/>\n<strong><img loading=\"lazy\" decoding=\"async\" class=\"alignnone size-full wp-image-23826\" style=\"border: 1px solid #000000;\" src=\"https:\/\/www.thierry-gmbh.de\/wp-content\/uploads\/2017\/03\/Klinge-mit-8-Schneidekanten.png\" alt=\"Klinge mit 8 Schneidekanten\" width=\"213\" height=\"142\" srcset=\"https:\/\/thierry-gmbh.de\/wp-content\/uploads\/2017\/03\/Klinge-mit-8-Schneidekanten.png 1063w, https:\/\/thierry-gmbh.de\/wp-content\/uploads\/2017\/03\/Klinge-mit-8-Schneidekanten-300x200.png 300w, https:\/\/thierry-gmbh.de\/wp-content\/uploads\/2017\/03\/Klinge-mit-8-Schneidekanten-768x512.png 768w, https:\/\/thierry-gmbh.de\/wp-content\/uploads\/2017\/03\/Klinge-mit-8-Schneidekanten-1024x683.png 1024w, https:\/\/thierry-gmbh.de\/wp-content\/uploads\/2017\/03\/Klinge-mit-8-Schneidekanten-500x333.png 500w, https:\/\/thierry-gmbh.de\/wp-content\/uploads\/2017\/03\/Klinge-mit-8-Schneidekanten-700x467.png 700w\" sizes=\"auto, (max-width: 213px) 100vw, 213px\" \/><\/strong><\/p>\n<p>&nbsp;<\/p>\n<p><strong>Item number:<\/strong> PG-2202\/2<\/p>\n<p>&nbsp;<\/p>\n<p><span style=\"color: #99cc00;\"><strong><span lang=\"EN-US\">Including m<\/span>anufacturer&#8217;s test certificate and 1 year warranty<\/strong><\/span>[\/vc_column_text][\/vc_column_inner][\/vc_row_inner][vc_empty_space][\/vc_column][\/vc_row][vc_row row_type=&#8221;row&#8221; use_row_as_full_screen_section=&#8221;no&#8221; type=&#8221;full_width&#8221; angled_section=&#8221;no&#8221; text_align=&#8221;left&#8221; background_image_as_pattern=&#8221;without_pattern&#8221; css_animation=&#8221;&#8221;][vc_column offset=&#8221;vc_hidden-xs&#8221;][vc_separator type=&#8221;transparent&#8221; up=&#8221;50&#8243;][\/vc_column][\/vc_row][vc_row row_type=&#8221;row&#8221; use_row_as_full_screen_section=&#8221;no&#8221; type=&#8221;full_width&#8221; angled_section=&#8221;no&#8221; text_align=&#8221;left&#8221; background_image_as_pattern=&#8221;without_pattern&#8221; css_animation=&#8221;&#8221;][vc_column offset=&#8221;vc_hidden-xs&#8221;][vc_separator type=&#8221;normal&#8221; color=&#8221;#e0e0e0&#8243; thickness=&#8221;1&#8243;][\/vc_column][\/vc_row][vc_row row_type=&#8221;row&#8221; use_row_as_full_screen_section=&#8221;no&#8221; type=&#8221;grid&#8221; angled_section=&#8221;no&#8221; text_align=&#8221;left&#8221; background_image_as_pattern=&#8221;without_pattern&#8221; padding_top=&#8221;50&#8243; padding_bottom=&#8221;50&#8243; css_animation=&#8221;&#8221;][vc_column offset=&#8221;vc_hidden-xs&#8221;][vc_row_inner row_type=&#8221;row&#8221; type=&#8221;full_width&#8221; text_align=&#8221;left&#8221; css_animation=&#8221;&#8221;][vc_column_inner width=&#8221;1\/3&#8243;]<div class='q_icon_with_title tiny normal_icon'><div class=\"icon_holder q_icon_animation\" style=\" transition-delay: 150ms; -webkit-transition-delay: 150ms; -moz-transition-delay: 150ms; -o-transition-delay: 150ms;\"><span data-icon-type=\"normal\"   style=\"font-size: 20px;\" class=\"qode_iwt_icon_holder q_font_awsome_icon fa-lg \"><i class=\"qode_icon_font_awesome fa fa-stop qode_iwt_icon_element\" style=\"color: #e30513;\" ><\/i><\/span><\/div><div class=\"icon_text_holder\" style=\"padding-left:45px;\"><div class=\"icon_text_inner\" style=\"\"><h5 class=\"icon_title\" style=\"\">Unser Online-Shop<\/h5><p style=''>Ihr Sofort-Zugriff auf unser gesamtes Produktspektrum, von Urmustern \u00fcber Corporate Color Cards bis hin zu unseren Pr\u00fcfmitteln.<\/p><a itemprop='url' class='icon_with_title_link' href='https:\/\/store.thierry-corp.com\/store\/' target='_blank' style=''>Anmelden.<\/a><\/div><\/div><\/div>[\/vc_column_inner][vc_column_inner width=&#8221;1\/3&#8243;]<div class='q_icon_with_title tiny normal_icon'><div class=\"icon_holder q_icon_animation\" style=\" transition-delay: 150ms; -webkit-transition-delay: 150ms; -moz-transition-delay: 150ms; -o-transition-delay: 150ms;\"><span data-icon-type=\"normal\"   style=\"font-size: 20px;\" class=\"qode_iwt_icon_holder q_font_awsome_icon fa-lg \"><i class=\"qode_icon_font_awesome fa fa-stop qode_iwt_icon_element\" style=\"color: #203a8f;\" ><\/i><\/span><\/div><div class=\"icon_text_holder\" style=\"padding-left:45px;\"><div class=\"icon_text_inner\" style=\"\"><h5 class=\"icon_title\" style=\"\">Unsere Referenzen<\/h5><p style=''>Namhafte Unternehmen aus den unterschiedlichsten Branchen vertrauen auf uns und unser Leistungsspektrum \u2013 zum Teil bereits seit 20 Jahren.<\/p><a itemprop='url' class='icon_with_title_link' href='https:\/\/www.thierry-gmbh.de\/ueber-uns\/#referenzen' target='_self' style=''>Ansehen.<\/a><\/div><\/div><\/div>[\/vc_column_inner][vc_column_inner width=&#8221;1\/3&#8243;]<div class='q_icon_with_title tiny normal_icon'><div class=\"icon_holder q_icon_animation\" style=\" transition-delay: 150ms; -webkit-transition-delay: 150ms; -moz-transition-delay: 150ms; -o-transition-delay: 150ms;\"><span data-icon-type=\"normal\"   style=\"font-size: 20px;\" class=\"qode_iwt_icon_holder q_font_awsome_icon fa-lg \"><i class=\"qode_icon_font_awesome fa fa-stop qode_iwt_icon_element\" style=\"color: #bababa;\" ><\/i><\/span><\/div><div class=\"icon_text_holder\" style=\"padding-left:45px;\"><div class=\"icon_text_inner\" style=\"\"><h5 class=\"icon_title\" style=\"\">Unser Download-Service<\/h5><p style=''>Sicherheitsdatenbl\u00e4tter f\u00fcr Pr\u00fcfmittel, technische Datenbl\u00e4tter f\u00fcr Substrate, Informationen zu den Pr\u00fcfger\u00e4ten, ISO-Zertifikate und mehr.<\/p><a itemprop='url' class='icon_with_title_link' href='https:\/\/www.thierry-gmbh.de\/downloads\/' target='_self' style=''>Umschauen.<\/a><\/div><\/div><\/div>[\/vc_column_inner][\/vc_row_inner][\/vc_column][\/vc_row]<\/p>\n<\/div>","protected":false},"excerpt":{"rendered":"<p>[vc_row row_type=&#8221;row&#8221; use_row_as_full_screen_section=&#8221;no&#8221; type=&#8221;grid&#8221; angled_section=&#8221;no&#8221; text_align=&#8221;left&#8221; background_image_as_pattern=&#8221;without_pattern&#8221; padding_top=&#8221;0&#8243; padding_bottom=&#8221;50&#8243; css_animation=&#8221;&#8221;][vc_column width=&#8221;1\/4&#8243;][vc_separator type=&#8221;transparent&#8221; up=&#8221;20&#8243; down=&#8221;20&#8243;][vc_widget_sidebar sidebar_id=&#8221;PG: Contact&#8221;][vc_separator type=&#8221;transparent&#8221; up=&#8221;20&#8243; down=&#8221;20&#8243;][vc_widget_sidebar sidebar_id=&#8221;PG: Menu \/ Adhesion&#8221;][vc_separator type=&#8221;transparent&#8221; up=&#8221;20&#8243; down=&#8221;20&#8243;][\/vc_column][vc_column width=&#8221;3\/4&#8243;][vc_separator type=&#8221;transparent&#8221; up=&#8221;15&#8243; down=&#8221;15&#8243;][vc_row_inner row_type=&#8221;row&#8221; type=&#8221;full_width&#8221; text_align=&#8221;left&#8221; css_animation=&#8221;&#8221;][vc_column_inner width=&#8221;5\/12&#8243; css=&#8221;.vc_custom_1490601898619{padding-bottom: 20px !important;}&#8221;][vc_gallery interval=&#8221;3&#8243; images=&#8221;29922,27925,21148,21174&#8243; img_size=&#8221;full&#8221;][\/vc_column_inner][vc_column_inner width=&#8221;7\/12&#8243;][vc_widget_sidebar sidebar_id=&#8221;PG: Article Header&#8221;][vc_column_text]Crosshatch Cutter &nbsp; Description: Cutting Head for Crosshatch Cutter according to DIN EN ISO 2409 Gap:&#8230;<\/p>\n","protected":false},"author":8,"featured_media":0,"parent":18822,"menu_order":30,"comment_status":"open","ping_status":"closed","template":"full_width.php","meta":{"footnotes":""},"class_list":["post-21223","page","type-page","status-publish","hentry"],"yoast_head":"<!-- This site is optimized with the Yoast SEO Premium plugin v27.2 (Yoast SEO v27.3) - https:\/\/yoast.com\/product\/yoast-seo-premium-wordpress\/ -->\n<title>PG-2202\/2 - Thierry Pr\u00e4zisionslackiertechnik GmbH Germany<\/title>\n<meta name=\"robots\" content=\"index, follow, max-snippet:-1, max-image-preview:large, max-video-preview:-1\" \/>\n<link rel=\"canonical\" href=\"https:\/\/thierry-gmbh.de\/en\/pruefgeraete\/haftungsfestigkeit-adhesion\/pg-018-02\/\" \/>\n<meta property=\"og:locale\" content=\"en_US\" \/>\n<meta property=\"og:type\" content=\"article\" \/>\n<meta property=\"og:title\" content=\"PG-2202\/2\" \/>\n<meta property=\"og:description\" content=\"[vc_row row_type=&#8221;row&#8221; use_row_as_full_screen_section=&#8221;no&#8221; type=&#8221;grid&#8221; angled_section=&#8221;no&#8221; text_align=&#8221;left&#8221; background_image_as_pattern=&#8221;without_pattern&#8221; padding_top=&#8221;0&#8243; padding_bottom=&#8221;50&#8243; css_animation=&#8221;&#8221;][vc_column width=&#8221;1\/4&#8243;][vc_separator type=&#8221;transparent&#8221; up=&#8221;20&#8243; down=&#8221;20&#8243;][vc_widget_sidebar sidebar_id=&#8221;PG: Contact&#8221;][vc_separator type=&#8221;transparent&#8221; up=&#8221;20&#8243; down=&#8221;20&#8243;][vc_widget_sidebar sidebar_id=&#8221;PG: Menu \/ Adhesion&#8221;][vc_separator type=&#8221;transparent&#8221; up=&#8221;20&#8243; down=&#8221;20&#8243;][\/vc_column][vc_column width=&#8221;3\/4&#8243;][vc_separator type=&#8221;transparent&#8221; up=&#8221;15&#8243; down=&#8221;15&#8243;][vc_row_inner row_type=&#8221;row&#8221; type=&#8221;full_width&#8221; text_align=&#8221;left&#8221; css_animation=&#8221;&#8221;][vc_column_inner width=&#8221;5\/12&#8243; css=&#8221;.vc_custom_1490601898619{padding-bottom: 20px !important;}&#8221;][vc_gallery interval=&#8221;3&#8243; images=&#8221;29922,27925,21148,21174&#8243; img_size=&#8221;full&#8221;][\/vc_column_inner][vc_column_inner width=&#8221;7\/12&#8243;][vc_widget_sidebar sidebar_id=&#8221;PG: Article Header&#8221;][vc_column_text]Crosshatch Cutter &nbsp; Description: Cutting Head for Crosshatch Cutter according to DIN EN ISO 2409 Gap:...\" \/>\n<meta property=\"og:url\" content=\"https:\/\/thierry-gmbh.de\/en\/pruefgeraete\/haftungsfestigkeit-adhesion\/pg-018-02\/\" \/>\n<meta property=\"og:site_name\" content=\"Thierry Pr\u00e4zisionslackiertechnik GmbH Germany\" \/>\n<meta property=\"article:modified_time\" content=\"2025-02-18T13:45:10+00:00\" \/>\n<meta property=\"og:image\" content=\"https:\/\/www.thierry-gmbh.de\/wp-content\/uploads\/2017\/03\/Klinge-mit-8-Schneidekanten.png\" \/>\n<meta name=\"twitter:card\" content=\"summary_large_image\" \/>\n<meta name=\"twitter:label1\" content=\"Est. reading time\" \/>\n\t<meta name=\"twitter:data1\" content=\"3 minutes\" \/>\n<script type=\"application\/ld+json\" class=\"yoast-schema-graph\">{\"@context\":\"https:\\\/\\\/schema.org\",\"@graph\":[{\"@type\":\"WebPage\",\"@id\":\"https:\\\/\\\/thierry-gmbh.de\\\/en\\\/pruefgeraete\\\/haftungsfestigkeit-adhesion\\\/pg-018-02\\\/\",\"url\":\"https:\\\/\\\/thierry-gmbh.de\\\/en\\\/pruefgeraete\\\/haftungsfestigkeit-adhesion\\\/pg-018-02\\\/\",\"name\":\"PG-2202\\\/2 - Thierry Pr\u00e4zisionslackiertechnik GmbH Germany\",\"isPartOf\":{\"@id\":\"https:\\\/\\\/thierry-gmbh.de\\\/en\\\/#website\"},\"primaryImageOfPage\":{\"@id\":\"https:\\\/\\\/thierry-gmbh.de\\\/en\\\/pruefgeraete\\\/haftungsfestigkeit-adhesion\\\/pg-018-02\\\/#primaryimage\"},\"image\":{\"@id\":\"https:\\\/\\\/thierry-gmbh.de\\\/en\\\/pruefgeraete\\\/haftungsfestigkeit-adhesion\\\/pg-018-02\\\/#primaryimage\"},\"thumbnailUrl\":\"https:\\\/\\\/www.thierry-gmbh.de\\\/wp-content\\\/uploads\\\/2017\\\/03\\\/Klinge-mit-8-Schneidekanten.png\",\"datePublished\":\"2017-10-01T12:29:14+00:00\",\"dateModified\":\"2025-02-18T13:45:10+00:00\",\"breadcrumb\":{\"@id\":\"https:\\\/\\\/thierry-gmbh.de\\\/en\\\/pruefgeraete\\\/haftungsfestigkeit-adhesion\\\/pg-018-02\\\/#breadcrumb\"},\"inLanguage\":\"en-US\",\"potentialAction\":[{\"@type\":\"ReadAction\",\"target\":[\"https:\\\/\\\/thierry-gmbh.de\\\/en\\\/pruefgeraete\\\/haftungsfestigkeit-adhesion\\\/pg-018-02\\\/\"]}]},{\"@type\":\"ImageObject\",\"inLanguage\":\"en-US\",\"@id\":\"https:\\\/\\\/thierry-gmbh.de\\\/en\\\/pruefgeraete\\\/haftungsfestigkeit-adhesion\\\/pg-018-02\\\/#primaryimage\",\"url\":\"https:\\\/\\\/www.thierry-gmbh.de\\\/wp-content\\\/uploads\\\/2017\\\/03\\\/Klinge-mit-8-Schneidekanten.png\",\"contentUrl\":\"https:\\\/\\\/www.thierry-gmbh.de\\\/wp-content\\\/uploads\\\/2017\\\/03\\\/Klinge-mit-8-Schneidekanten.png\"},{\"@type\":\"BreadcrumbList\",\"@id\":\"https:\\\/\\\/thierry-gmbh.de\\\/en\\\/pruefgeraete\\\/haftungsfestigkeit-adhesion\\\/pg-018-02\\\/#breadcrumb\",\"itemListElement\":[{\"@type\":\"ListItem\",\"position\":1,\"name\":\"Startseite\",\"item\":\"https:\\\/\\\/thierry-gmbh.de\\\/en\\\/\"},{\"@type\":\"ListItem\",\"position\":2,\"name\":\"Testing Instruments\",\"item\":\"https:\\\/\\\/thierry-gmbh.de\\\/en\\\/pruefgeraete\\\/\"},{\"@type\":\"ListItem\",\"position\":3,\"name\":\"Adhesion\",\"item\":\"https:\\\/\\\/thierry-gmbh.de\\\/en\\\/pruefgeraete\\\/haftungsfestigkeit-adhesion\\\/\"},{\"@type\":\"ListItem\",\"position\":4,\"name\":\"PG-2202\\\/2\"}]},{\"@type\":\"WebSite\",\"@id\":\"https:\\\/\\\/thierry-gmbh.de\\\/en\\\/#website\",\"url\":\"https:\\\/\\\/thierry-gmbh.de\\\/en\\\/\",\"name\":\"Thierry Pr\u00e4zisionslackiertechnik GmbH Germany\",\"description\":\"Your professional partner for Master Sample Management, Color Standards, Test Agents and Equipment, Precision Color Cards, Painting Technology &amp; Measurements.\",\"potentialAction\":[{\"@type\":\"SearchAction\",\"target\":{\"@type\":\"EntryPoint\",\"urlTemplate\":\"https:\\\/\\\/thierry-gmbh.de\\\/en\\\/?s={search_term_string}\"},\"query-input\":{\"@type\":\"PropertyValueSpecification\",\"valueRequired\":true,\"valueName\":\"search_term_string\"}}],\"inLanguage\":\"en-US\"}]}<\/script>\n<!-- \/ Yoast SEO Premium plugin. -->","yoast_head_json":{"title":"PG-2202\/2 - Thierry Pr\u00e4zisionslackiertechnik GmbH Germany","robots":{"index":"index","follow":"follow","max-snippet":"max-snippet:-1","max-image-preview":"max-image-preview:large","max-video-preview":"max-video-preview:-1"},"canonical":"https:\/\/thierry-gmbh.de\/en\/pruefgeraete\/haftungsfestigkeit-adhesion\/pg-018-02\/","og_locale":"en_US","og_type":"article","og_title":"PG-2202\/2","og_description":"[vc_row row_type=&#8221;row&#8221; use_row_as_full_screen_section=&#8221;no&#8221; type=&#8221;grid&#8221; angled_section=&#8221;no&#8221; text_align=&#8221;left&#8221; background_image_as_pattern=&#8221;without_pattern&#8221; padding_top=&#8221;0&#8243; padding_bottom=&#8221;50&#8243; css_animation=&#8221;&#8221;][vc_column width=&#8221;1\/4&#8243;][vc_separator type=&#8221;transparent&#8221; up=&#8221;20&#8243; down=&#8221;20&#8243;][vc_widget_sidebar sidebar_id=&#8221;PG: Contact&#8221;][vc_separator type=&#8221;transparent&#8221; up=&#8221;20&#8243; down=&#8221;20&#8243;][vc_widget_sidebar sidebar_id=&#8221;PG: Menu \/ Adhesion&#8221;][vc_separator type=&#8221;transparent&#8221; up=&#8221;20&#8243; down=&#8221;20&#8243;][\/vc_column][vc_column width=&#8221;3\/4&#8243;][vc_separator type=&#8221;transparent&#8221; up=&#8221;15&#8243; down=&#8221;15&#8243;][vc_row_inner row_type=&#8221;row&#8221; type=&#8221;full_width&#8221; text_align=&#8221;left&#8221; css_animation=&#8221;&#8221;][vc_column_inner width=&#8221;5\/12&#8243; css=&#8221;.vc_custom_1490601898619{padding-bottom: 20px !important;}&#8221;][vc_gallery interval=&#8221;3&#8243; images=&#8221;29922,27925,21148,21174&#8243; img_size=&#8221;full&#8221;][\/vc_column_inner][vc_column_inner width=&#8221;7\/12&#8243;][vc_widget_sidebar sidebar_id=&#8221;PG: Article Header&#8221;][vc_column_text]Crosshatch Cutter &nbsp; Description: Cutting Head for Crosshatch Cutter according to DIN EN ISO 2409 Gap:...","og_url":"https:\/\/thierry-gmbh.de\/en\/pruefgeraete\/haftungsfestigkeit-adhesion\/pg-018-02\/","og_site_name":"Thierry Pr\u00e4zisionslackiertechnik GmbH Germany","article_modified_time":"2025-02-18T13:45:10+00:00","og_image":[{"url":"https:\/\/www.thierry-gmbh.de\/wp-content\/uploads\/2017\/03\/Klinge-mit-8-Schneidekanten.png","type":"","width":"","height":""}],"twitter_card":"summary_large_image","twitter_misc":{"Est. reading time":"3 minutes"},"schema":{"@context":"https:\/\/schema.org","@graph":[{"@type":"WebPage","@id":"https:\/\/thierry-gmbh.de\/en\/pruefgeraete\/haftungsfestigkeit-adhesion\/pg-018-02\/","url":"https:\/\/thierry-gmbh.de\/en\/pruefgeraete\/haftungsfestigkeit-adhesion\/pg-018-02\/","name":"PG-2202\/2 - Thierry Pr\u00e4zisionslackiertechnik GmbH Germany","isPartOf":{"@id":"https:\/\/thierry-gmbh.de\/en\/#website"},"primaryImageOfPage":{"@id":"https:\/\/thierry-gmbh.de\/en\/pruefgeraete\/haftungsfestigkeit-adhesion\/pg-018-02\/#primaryimage"},"image":{"@id":"https:\/\/thierry-gmbh.de\/en\/pruefgeraete\/haftungsfestigkeit-adhesion\/pg-018-02\/#primaryimage"},"thumbnailUrl":"https:\/\/www.thierry-gmbh.de\/wp-content\/uploads\/2017\/03\/Klinge-mit-8-Schneidekanten.png","datePublished":"2017-10-01T12:29:14+00:00","dateModified":"2025-02-18T13:45:10+00:00","breadcrumb":{"@id":"https:\/\/thierry-gmbh.de\/en\/pruefgeraete\/haftungsfestigkeit-adhesion\/pg-018-02\/#breadcrumb"},"inLanguage":"en-US","potentialAction":[{"@type":"ReadAction","target":["https:\/\/thierry-gmbh.de\/en\/pruefgeraete\/haftungsfestigkeit-adhesion\/pg-018-02\/"]}]},{"@type":"ImageObject","inLanguage":"en-US","@id":"https:\/\/thierry-gmbh.de\/en\/pruefgeraete\/haftungsfestigkeit-adhesion\/pg-018-02\/#primaryimage","url":"https:\/\/www.thierry-gmbh.de\/wp-content\/uploads\/2017\/03\/Klinge-mit-8-Schneidekanten.png","contentUrl":"https:\/\/www.thierry-gmbh.de\/wp-content\/uploads\/2017\/03\/Klinge-mit-8-Schneidekanten.png"},{"@type":"BreadcrumbList","@id":"https:\/\/thierry-gmbh.de\/en\/pruefgeraete\/haftungsfestigkeit-adhesion\/pg-018-02\/#breadcrumb","itemListElement":[{"@type":"ListItem","position":1,"name":"Startseite","item":"https:\/\/thierry-gmbh.de\/en\/"},{"@type":"ListItem","position":2,"name":"Testing Instruments","item":"https:\/\/thierry-gmbh.de\/en\/pruefgeraete\/"},{"@type":"ListItem","position":3,"name":"Adhesion","item":"https:\/\/thierry-gmbh.de\/en\/pruefgeraete\/haftungsfestigkeit-adhesion\/"},{"@type":"ListItem","position":4,"name":"PG-2202\/2"}]},{"@type":"WebSite","@id":"https:\/\/thierry-gmbh.de\/en\/#website","url":"https:\/\/thierry-gmbh.de\/en\/","name":"Thierry Pr\u00e4zisionslackiertechnik GmbH Germany","description":"Your professional partner for Master Sample Management, Color Standards, Test Agents and Equipment, Precision Color Cards, Painting Technology &amp; Measurements.","potentialAction":[{"@type":"SearchAction","target":{"@type":"EntryPoint","urlTemplate":"https:\/\/thierry-gmbh.de\/en\/?s={search_term_string}"},"query-input":{"@type":"PropertyValueSpecification","valueRequired":true,"valueName":"search_term_string"}}],"inLanguage":"en-US"}]}},"_links":{"self":[{"href":"https:\/\/thierry-gmbh.de\/en\/wp-json\/wp\/v2\/pages\/21223","targetHints":{"allow":["GET"]}}],"collection":[{"href":"https:\/\/thierry-gmbh.de\/en\/wp-json\/wp\/v2\/pages"}],"about":[{"href":"https:\/\/thierry-gmbh.de\/en\/wp-json\/wp\/v2\/types\/page"}],"author":[{"embeddable":true,"href":"https:\/\/thierry-gmbh.de\/en\/wp-json\/wp\/v2\/users\/8"}],"replies":[{"embeddable":true,"href":"https:\/\/thierry-gmbh.de\/en\/wp-json\/wp\/v2\/comments?post=21223"}],"version-history":[{"count":0,"href":"https:\/\/thierry-gmbh.de\/en\/wp-json\/wp\/v2\/pages\/21223\/revisions"}],"up":[{"embeddable":true,"href":"https:\/\/thierry-gmbh.de\/en\/wp-json\/wp\/v2\/pages\/18822"}],"wp:attachment":[{"href":"https:\/\/thierry-gmbh.de\/en\/wp-json\/wp\/v2\/media?parent=21223"}],"curies":[{"name":"wp","href":"https:\/\/api.w.org\/{rel}","templated":true}]}}