{"id":18913,"date":"2017-03-31T23:51:25","date_gmt":"2017-03-31T21:51:25","guid":{"rendered":"https:\/\/www.thierry-gmbh.de\/en\/?page_id=18913"},"modified":"2018-12-25T14:09:04","modified_gmt":"2018-12-25T13:09:04","slug":"pg-009-8","status":"publish","type":"page","link":"https:\/\/thierry-gmbh.de\/en\/pruefgeraete\/viskositaet-viscosity\/pg-009-8\/","title":{"rendered":"PG-009-8"},"content":{"rendered":"<div class=\"wpb-content-wrapper\"><p>[vc_row row_type=&#8221;row&#8221; use_row_as_full_screen_section=&#8221;no&#8221; type=&#8221;grid&#8221; angled_section=&#8221;no&#8221; text_align=&#8221;left&#8221; background_image_as_pattern=&#8221;without_pattern&#8221; padding_top=&#8221;0&#8243; padding_bottom=&#8221;50&#8243; css_animation=&#8221;&#8221;][vc_column width=&#8221;1\/4&#8243;][vc_separator type=&#8221;transparent&#8221; up=&#8221;20&#8243; down=&#8221;20&#8243;][vc_widget_sidebar sidebar_id=&#8221;PG: Contact&#8221;][vc_separator type=&#8221;transparent&#8221; up=&#8221;20&#8243; down=&#8221;20&#8243;][vc_widget_sidebar sidebar_id=&#8221;PG: Menu \/ Viscosity&#8221;][vc_separator type=&#8221;transparent&#8221; up=&#8221;20&#8243; down=&#8221;20&#8243;][\/vc_column][vc_column width=&#8221;3\/4&#8243;][vc_separator type=&#8221;transparent&#8221; up=&#8221;15&#8243; down=&#8221;15&#8243;][vc_row_inner row_type=&#8221;row&#8221; type=&#8221;full_width&#8221; text_align=&#8221;left&#8221; css_animation=&#8221;&#8221;][vc_column_inner width=&#8221;5\/12&#8243; css=&#8221;.vc_custom_1490641747552{padding-bottom: 20px !important;}&#8221;][vc_single_image image=&#8221;17931&#8243; img_size=&#8221;full&#8221; style=&#8221;vc_box_border&#8221; qode_css_animation=&#8221;&#8221;][\/vc_column_inner][vc_column_inner width=&#8221;7\/12&#8243;][vc_widget_sidebar sidebar_id=&#8221;PG: Article Header&#8221;]<div class=\"custom_font_holder\" style=\" font-size: 20px; line-height: 26px; font-style: normal; font-weight: 300; text-decoration: none; text-align: left;\">110,00\u00a0\u20ac<\/div>[vc_column_text]<strong>AFNOR\u00a0Cup 8 mm<\/strong><\/p>\n<p>&nbsp;<\/p>\n<p><strong>Description:<br \/>\n<\/strong><span lang=\"EN-US\">The NF-cup conforms to the French standard NFT 30-070. It is widely distributed in Europe, especially in French companies.<\/span><\/p>\n<p>&nbsp;<\/p>\n<p><span lang=\"EN-US\"><strong>Technical specifications:<\/strong><\/span><span lang=\"EN-US\"><br \/>\n<strong>Flow time:<\/strong> 30-300 s<br \/>\n<strong>Material:<\/strong> cup body &#8211; aluminum alloy; nozzle &#8211; stainless steel<\/span><\/p>\n<p>&nbsp;<\/p>\n<p><span lang=\"EN-US\"><strong>Order-Number:<\/strong> PG-009-8<br \/>\n<strong>Noozle(mm):<\/strong> 8<br \/>\n<strong>Viscosity Range (cSt):<\/strong> 700~11500<\/span><\/p>\n<p>&nbsp;<\/p>\n<p><span lang=\"EN-US\">Including <\/span><span lang=\"EN-US\">Manufacturer&#8217;s Test Certificate<\/span>[\/vc_column_text][\/vc_column_inner][\/vc_row_inner][vc_empty_space][\/vc_column][\/vc_row][vc_row row_type=&#8221;row&#8221; use_row_as_full_screen_section=&#8221;no&#8221; type=&#8221;full_width&#8221; angled_section=&#8221;no&#8221; text_align=&#8221;left&#8221; background_image_as_pattern=&#8221;without_pattern&#8221; css_animation=&#8221;&#8221;][vc_column offset=&#8221;vc_hidden-xs&#8221;][vc_separator type=&#8221;transparent&#8221; up=&#8221;50&#8243;][\/vc_column][\/vc_row][vc_row row_type=&#8221;row&#8221; use_row_as_full_screen_section=&#8221;no&#8221; type=&#8221;full_width&#8221; angled_section=&#8221;no&#8221; text_align=&#8221;left&#8221; background_image_as_pattern=&#8221;without_pattern&#8221; css_animation=&#8221;&#8221;][vc_column offset=&#8221;vc_hidden-xs&#8221;][vc_separator type=&#8221;normal&#8221; color=&#8221;#e0e0e0&#8243; thickness=&#8221;1&#8243;][\/vc_column][\/vc_row][vc_row row_type=&#8221;row&#8221; use_row_as_full_screen_section=&#8221;no&#8221; type=&#8221;grid&#8221; angled_section=&#8221;no&#8221; text_align=&#8221;left&#8221; background_image_as_pattern=&#8221;without_pattern&#8221; padding_top=&#8221;50&#8243; padding_bottom=&#8221;50&#8243; css_animation=&#8221;&#8221;][vc_column offset=&#8221;vc_hidden-xs&#8221;][vc_row_inner row_type=&#8221;row&#8221; type=&#8221;full_width&#8221; text_align=&#8221;left&#8221; css_animation=&#8221;&#8221;][vc_column_inner width=&#8221;1\/3&#8243;]<div class='q_icon_with_title tiny normal_icon'><div class=\"icon_holder q_icon_animation\" style=\" transition-delay: 150ms; -webkit-transition-delay: 150ms; -moz-transition-delay: 150ms; -o-transition-delay: 150ms;\"><span data-icon-type=\"normal\"   style=\"font-size: 20px;\" class=\"qode_iwt_icon_holder q_font_awsome_icon fa-lg \"><i class=\"qode_icon_font_awesome fa fa-stop qode_iwt_icon_element\" style=\"color: #e30513;\" ><\/i><\/span><\/div><div class=\"icon_text_holder\" style=\"padding-left:45px;\"><div class=\"icon_text_inner\" style=\"\"><h5 class=\"icon_title\" style=\"\">Unser Online-Shop<\/h5><p style=''>Ihr Sofort-Zugriff auf unser gesamtes Produktspektrum, von Urmustern \u00fcber Corporate Color Cards bis hin zu unseren Pr\u00fcfmitteln.<\/p><a itemprop='url' class='icon_with_title_link' href='https:\/\/store.thierry-corp.com\/store\/' target='_blank' style=''>Anmelden.<\/a><\/div><\/div><\/div>[\/vc_column_inner][vc_column_inner width=&#8221;1\/3&#8243;]<div class='q_icon_with_title tiny normal_icon'><div class=\"icon_holder q_icon_animation\" style=\" transition-delay: 150ms; -webkit-transition-delay: 150ms; -moz-transition-delay: 150ms; -o-transition-delay: 150ms;\"><span data-icon-type=\"normal\"   style=\"font-size: 20px;\" class=\"qode_iwt_icon_holder q_font_awsome_icon fa-lg \"><i class=\"qode_icon_font_awesome fa fa-stop qode_iwt_icon_element\" style=\"color: #203a8f;\" ><\/i><\/span><\/div><div class=\"icon_text_holder\" style=\"padding-left:45px;\"><div class=\"icon_text_inner\" style=\"\"><h5 class=\"icon_title\" style=\"\">Unsere Referenzen<\/h5><p style=''>Namhafte Unternehmen aus den unterschiedlichsten Branchen vertrauen auf uns und unser Leistungsspektrum \u2013 zum Teil bereits seit 20 Jahren.<\/p><a itemprop='url' class='icon_with_title_link' href='https:\/\/www.thierry-gmbh.de\/ueber-uns\/#referenzen' target='_self' style=''>Ansehen.<\/a><\/div><\/div><\/div>[\/vc_column_inner][vc_column_inner width=&#8221;1\/3&#8243;]<div class='q_icon_with_title tiny normal_icon'><div class=\"icon_holder q_icon_animation\" style=\" transition-delay: 150ms; -webkit-transition-delay: 150ms; -moz-transition-delay: 150ms; -o-transition-delay: 150ms;\"><span data-icon-type=\"normal\"   style=\"font-size: 20px;\" class=\"qode_iwt_icon_holder q_font_awsome_icon fa-lg \"><i class=\"qode_icon_font_awesome fa fa-stop qode_iwt_icon_element\" style=\"color: #bababa;\" ><\/i><\/span><\/div><div class=\"icon_text_holder\" style=\"padding-left:45px;\"><div class=\"icon_text_inner\" style=\"\"><h5 class=\"icon_title\" style=\"\">Unser Download-Service<\/h5><p style=''>Sicherheitsdatenbl\u00e4tter f\u00fcr Pr\u00fcfmittel, technische Datenbl\u00e4tter f\u00fcr Substrate, Informationen zu den Pr\u00fcfger\u00e4ten, ISO-Zertifikate und mehr.<\/p><a itemprop='url' class='icon_with_title_link' href='https:\/\/www.thierry-gmbh.de\/downloads\/' target='_self' style=''>Umschauen.<\/a><\/div><\/div><\/div>[\/vc_column_inner][\/vc_row_inner][\/vc_column][\/vc_row]<\/p>\n<\/div>","protected":false},"excerpt":{"rendered":"<p>[vc_row row_type=&#8221;row&#8221; use_row_as_full_screen_section=&#8221;no&#8221; type=&#8221;grid&#8221; angled_section=&#8221;no&#8221; text_align=&#8221;left&#8221; background_image_as_pattern=&#8221;without_pattern&#8221; padding_top=&#8221;0&#8243; padding_bottom=&#8221;50&#8243; css_animation=&#8221;&#8221;][vc_column width=&#8221;1\/4&#8243;][vc_separator type=&#8221;transparent&#8221; up=&#8221;20&#8243; down=&#8221;20&#8243;][vc_widget_sidebar sidebar_id=&#8221;PG: Contact&#8221;][vc_separator type=&#8221;transparent&#8221; up=&#8221;20&#8243; down=&#8221;20&#8243;][vc_widget_sidebar sidebar_id=&#8221;PG: Menu \/ Viscosity&#8221;][vc_separator type=&#8221;transparent&#8221; up=&#8221;20&#8243; down=&#8221;20&#8243;][\/vc_column][vc_column width=&#8221;3\/4&#8243;][vc_separator type=&#8221;transparent&#8221; up=&#8221;15&#8243; down=&#8221;15&#8243;][vc_row_inner row_type=&#8221;row&#8221; type=&#8221;full_width&#8221; text_align=&#8221;left&#8221; css_animation=&#8221;&#8221;][vc_column_inner width=&#8221;5\/12&#8243; css=&#8221;.vc_custom_1490641747552{padding-bottom: 20px !important;}&#8221;][vc_single_image image=&#8221;17931&#8243; img_size=&#8221;full&#8221; style=&#8221;vc_box_border&#8221; qode_css_animation=&#8221;&#8221;][\/vc_column_inner][vc_column_inner width=&#8221;7\/12&#8243;][vc_widget_sidebar sidebar_id=&#8221;PG: Article Header&#8221;][vc_column_text]AFNOR\u00a0Cup 8 mm &nbsp; Description: The NF-cup conforms to the French standard NFT 30-070. It&#8230;<\/p>\n","protected":false},"author":8,"featured_media":0,"parent":18830,"menu_order":44,"comment_status":"open","ping_status":"closed","template":"full_width.php","meta":{"footnotes":""},"class_list":["post-18913","page","type-page","status-publish","hentry"],"yoast_head":"<!-- This site is optimized with the Yoast SEO Premium plugin v27.2 (Yoast SEO v27.3) - https:\/\/yoast.com\/product\/yoast-seo-premium-wordpress\/ -->\n<title>PG-009-8 - Thierry Pr\u00e4zisionslackiertechnik GmbH Germany<\/title>\n<meta name=\"robots\" content=\"index, follow, max-snippet:-1, max-image-preview:large, max-video-preview:-1\" \/>\n<link rel=\"canonical\" href=\"https:\/\/thierry-gmbh.de\/en\/pruefgeraete\/viskositaet-viscosity\/pg-009-8\/\" \/>\n<meta property=\"og:locale\" content=\"en_US\" \/>\n<meta property=\"og:type\" content=\"article\" \/>\n<meta property=\"og:title\" content=\"PG-009-8\" \/>\n<meta property=\"og:description\" content=\"[vc_row row_type=&#8221;row&#8221; use_row_as_full_screen_section=&#8221;no&#8221; type=&#8221;grid&#8221; angled_section=&#8221;no&#8221; text_align=&#8221;left&#8221; background_image_as_pattern=&#8221;without_pattern&#8221; padding_top=&#8221;0&#8243; padding_bottom=&#8221;50&#8243; css_animation=&#8221;&#8221;][vc_column width=&#8221;1\/4&#8243;][vc_separator type=&#8221;transparent&#8221; up=&#8221;20&#8243; down=&#8221;20&#8243;][vc_widget_sidebar sidebar_id=&#8221;PG: Contact&#8221;][vc_separator type=&#8221;transparent&#8221; up=&#8221;20&#8243; down=&#8221;20&#8243;][vc_widget_sidebar sidebar_id=&#8221;PG: Menu \/ Viscosity&#8221;][vc_separator type=&#8221;transparent&#8221; up=&#8221;20&#8243; down=&#8221;20&#8243;][\/vc_column][vc_column width=&#8221;3\/4&#8243;][vc_separator type=&#8221;transparent&#8221; up=&#8221;15&#8243; down=&#8221;15&#8243;][vc_row_inner row_type=&#8221;row&#8221; type=&#8221;full_width&#8221; text_align=&#8221;left&#8221; css_animation=&#8221;&#8221;][vc_column_inner width=&#8221;5\/12&#8243; css=&#8221;.vc_custom_1490641747552{padding-bottom: 20px !important;}&#8221;][vc_single_image image=&#8221;17931&#8243; img_size=&#8221;full&#8221; style=&#8221;vc_box_border&#8221; qode_css_animation=&#8221;&#8221;][\/vc_column_inner][vc_column_inner width=&#8221;7\/12&#8243;][vc_widget_sidebar sidebar_id=&#8221;PG: Article Header&#8221;][vc_column_text]AFNOR\u00a0Cup 8 mm &nbsp; Description: The NF-cup conforms to the French standard NFT 30-070. It...\" \/>\n<meta property=\"og:url\" content=\"https:\/\/thierry-gmbh.de\/en\/pruefgeraete\/viskositaet-viscosity\/pg-009-8\/\" \/>\n<meta property=\"og:site_name\" content=\"Thierry Pr\u00e4zisionslackiertechnik GmbH Germany\" \/>\n<meta property=\"article:modified_time\" content=\"2018-12-25T13:09:04+00:00\" \/>\n<meta name=\"twitter:card\" content=\"summary_large_image\" \/>\n<meta name=\"twitter:label1\" content=\"Est. reading time\" \/>\n\t<meta name=\"twitter:data1\" content=\"3 minutes\" \/>\n<script type=\"application\/ld+json\" class=\"yoast-schema-graph\">{\"@context\":\"https:\\\/\\\/schema.org\",\"@graph\":[{\"@type\":\"WebPage\",\"@id\":\"https:\\\/\\\/thierry-gmbh.de\\\/en\\\/pruefgeraete\\\/viskositaet-viscosity\\\/pg-009-8\\\/\",\"url\":\"https:\\\/\\\/thierry-gmbh.de\\\/en\\\/pruefgeraete\\\/viskositaet-viscosity\\\/pg-009-8\\\/\",\"name\":\"PG-009-8 - Thierry Pr\u00e4zisionslackiertechnik GmbH Germany\",\"isPartOf\":{\"@id\":\"https:\\\/\\\/thierry-gmbh.de\\\/en\\\/#website\"},\"datePublished\":\"2017-03-31T21:51:25+00:00\",\"dateModified\":\"2018-12-25T13:09:04+00:00\",\"breadcrumb\":{\"@id\":\"https:\\\/\\\/thierry-gmbh.de\\\/en\\\/pruefgeraete\\\/viskositaet-viscosity\\\/pg-009-8\\\/#breadcrumb\"},\"inLanguage\":\"en-US\",\"potentialAction\":[{\"@type\":\"ReadAction\",\"target\":[\"https:\\\/\\\/thierry-gmbh.de\\\/en\\\/pruefgeraete\\\/viskositaet-viscosity\\\/pg-009-8\\\/\"]}]},{\"@type\":\"BreadcrumbList\",\"@id\":\"https:\\\/\\\/thierry-gmbh.de\\\/en\\\/pruefgeraete\\\/viskositaet-viscosity\\\/pg-009-8\\\/#breadcrumb\",\"itemListElement\":[{\"@type\":\"ListItem\",\"position\":1,\"name\":\"Startseite\",\"item\":\"https:\\\/\\\/thierry-gmbh.de\\\/en\\\/\"},{\"@type\":\"ListItem\",\"position\":2,\"name\":\"Testing Instruments\",\"item\":\"https:\\\/\\\/thierry-gmbh.de\\\/en\\\/pruefgeraete\\\/\"},{\"@type\":\"ListItem\",\"position\":3,\"name\":\"Viscosity\",\"item\":\"https:\\\/\\\/thierry-gmbh.de\\\/en\\\/pruefgeraete\\\/viskositaet-viscosity\\\/\"},{\"@type\":\"ListItem\",\"position\":4,\"name\":\"PG-009-8\"}]},{\"@type\":\"WebSite\",\"@id\":\"https:\\\/\\\/thierry-gmbh.de\\\/en\\\/#website\",\"url\":\"https:\\\/\\\/thierry-gmbh.de\\\/en\\\/\",\"name\":\"Thierry Pr\u00e4zisionslackiertechnik GmbH Germany\",\"description\":\"Your professional partner for Master Sample Management, Color Standards, Test Agents and Equipment, Precision Color Cards, Painting Technology &amp; Measurements.\",\"potentialAction\":[{\"@type\":\"SearchAction\",\"target\":{\"@type\":\"EntryPoint\",\"urlTemplate\":\"https:\\\/\\\/thierry-gmbh.de\\\/en\\\/?s={search_term_string}\"},\"query-input\":{\"@type\":\"PropertyValueSpecification\",\"valueRequired\":true,\"valueName\":\"search_term_string\"}}],\"inLanguage\":\"en-US\"}]}<\/script>\n<!-- \/ Yoast SEO Premium plugin. -->","yoast_head_json":{"title":"PG-009-8 - Thierry Pr\u00e4zisionslackiertechnik GmbH Germany","robots":{"index":"index","follow":"follow","max-snippet":"max-snippet:-1","max-image-preview":"max-image-preview:large","max-video-preview":"max-video-preview:-1"},"canonical":"https:\/\/thierry-gmbh.de\/en\/pruefgeraete\/viskositaet-viscosity\/pg-009-8\/","og_locale":"en_US","og_type":"article","og_title":"PG-009-8","og_description":"[vc_row row_type=&#8221;row&#8221; use_row_as_full_screen_section=&#8221;no&#8221; type=&#8221;grid&#8221; angled_section=&#8221;no&#8221; text_align=&#8221;left&#8221; background_image_as_pattern=&#8221;without_pattern&#8221; padding_top=&#8221;0&#8243; padding_bottom=&#8221;50&#8243; css_animation=&#8221;&#8221;][vc_column width=&#8221;1\/4&#8243;][vc_separator type=&#8221;transparent&#8221; up=&#8221;20&#8243; down=&#8221;20&#8243;][vc_widget_sidebar sidebar_id=&#8221;PG: Contact&#8221;][vc_separator type=&#8221;transparent&#8221; up=&#8221;20&#8243; down=&#8221;20&#8243;][vc_widget_sidebar sidebar_id=&#8221;PG: Menu \/ Viscosity&#8221;][vc_separator type=&#8221;transparent&#8221; up=&#8221;20&#8243; down=&#8221;20&#8243;][\/vc_column][vc_column width=&#8221;3\/4&#8243;][vc_separator type=&#8221;transparent&#8221; up=&#8221;15&#8243; down=&#8221;15&#8243;][vc_row_inner row_type=&#8221;row&#8221; type=&#8221;full_width&#8221; text_align=&#8221;left&#8221; css_animation=&#8221;&#8221;][vc_column_inner width=&#8221;5\/12&#8243; css=&#8221;.vc_custom_1490641747552{padding-bottom: 20px !important;}&#8221;][vc_single_image image=&#8221;17931&#8243; img_size=&#8221;full&#8221; style=&#8221;vc_box_border&#8221; qode_css_animation=&#8221;&#8221;][\/vc_column_inner][vc_column_inner width=&#8221;7\/12&#8243;][vc_widget_sidebar sidebar_id=&#8221;PG: Article Header&#8221;][vc_column_text]AFNOR\u00a0Cup 8 mm &nbsp; Description: The NF-cup conforms to the French standard NFT 30-070. It...","og_url":"https:\/\/thierry-gmbh.de\/en\/pruefgeraete\/viskositaet-viscosity\/pg-009-8\/","og_site_name":"Thierry Pr\u00e4zisionslackiertechnik GmbH Germany","article_modified_time":"2018-12-25T13:09:04+00:00","twitter_card":"summary_large_image","twitter_misc":{"Est. reading time":"3 minutes"},"schema":{"@context":"https:\/\/schema.org","@graph":[{"@type":"WebPage","@id":"https:\/\/thierry-gmbh.de\/en\/pruefgeraete\/viskositaet-viscosity\/pg-009-8\/","url":"https:\/\/thierry-gmbh.de\/en\/pruefgeraete\/viskositaet-viscosity\/pg-009-8\/","name":"PG-009-8 - Thierry Pr\u00e4zisionslackiertechnik GmbH Germany","isPartOf":{"@id":"https:\/\/thierry-gmbh.de\/en\/#website"},"datePublished":"2017-03-31T21:51:25+00:00","dateModified":"2018-12-25T13:09:04+00:00","breadcrumb":{"@id":"https:\/\/thierry-gmbh.de\/en\/pruefgeraete\/viskositaet-viscosity\/pg-009-8\/#breadcrumb"},"inLanguage":"en-US","potentialAction":[{"@type":"ReadAction","target":["https:\/\/thierry-gmbh.de\/en\/pruefgeraete\/viskositaet-viscosity\/pg-009-8\/"]}]},{"@type":"BreadcrumbList","@id":"https:\/\/thierry-gmbh.de\/en\/pruefgeraete\/viskositaet-viscosity\/pg-009-8\/#breadcrumb","itemListElement":[{"@type":"ListItem","position":1,"name":"Startseite","item":"https:\/\/thierry-gmbh.de\/en\/"},{"@type":"ListItem","position":2,"name":"Testing Instruments","item":"https:\/\/thierry-gmbh.de\/en\/pruefgeraete\/"},{"@type":"ListItem","position":3,"name":"Viscosity","item":"https:\/\/thierry-gmbh.de\/en\/pruefgeraete\/viskositaet-viscosity\/"},{"@type":"ListItem","position":4,"name":"PG-009-8"}]},{"@type":"WebSite","@id":"https:\/\/thierry-gmbh.de\/en\/#website","url":"https:\/\/thierry-gmbh.de\/en\/","name":"Thierry Pr\u00e4zisionslackiertechnik GmbH Germany","description":"Your professional partner for Master Sample Management, Color Standards, Test Agents and Equipment, Precision Color Cards, Painting Technology &amp; Measurements.","potentialAction":[{"@type":"SearchAction","target":{"@type":"EntryPoint","urlTemplate":"https:\/\/thierry-gmbh.de\/en\/?s={search_term_string}"},"query-input":{"@type":"PropertyValueSpecification","valueRequired":true,"valueName":"search_term_string"}}],"inLanguage":"en-US"}]}},"_links":{"self":[{"href":"https:\/\/thierry-gmbh.de\/en\/wp-json\/wp\/v2\/pages\/18913","targetHints":{"allow":["GET"]}}],"collection":[{"href":"https:\/\/thierry-gmbh.de\/en\/wp-json\/wp\/v2\/pages"}],"about":[{"href":"https:\/\/thierry-gmbh.de\/en\/wp-json\/wp\/v2\/types\/page"}],"author":[{"embeddable":true,"href":"https:\/\/thierry-gmbh.de\/en\/wp-json\/wp\/v2\/users\/8"}],"replies":[{"embeddable":true,"href":"https:\/\/thierry-gmbh.de\/en\/wp-json\/wp\/v2\/comments?post=18913"}],"version-history":[{"count":0,"href":"https:\/\/thierry-gmbh.de\/en\/wp-json\/wp\/v2\/pages\/18913\/revisions"}],"up":[{"embeddable":true,"href":"https:\/\/thierry-gmbh.de\/en\/wp-json\/wp\/v2\/pages\/18830"}],"wp:attachment":[{"href":"https:\/\/thierry-gmbh.de\/en\/wp-json\/wp\/v2\/media?parent=18913"}],"curies":[{"name":"wp","href":"https:\/\/api.w.org\/{rel}","templated":true}]}}